{"id":55,"date":"2023-03-21T18:12:51","date_gmt":"2023-03-21T17:12:51","guid":{"rendered":"http:\/\/atrasol.eu\/?page_id=55"},"modified":"2023-05-04T12:23:24","modified_gmt":"2023-05-04T10:23:24","slug":"service-atrasol","status":"publish","type":"page","link":"https:\/\/atrasol.eu\/index.php\/service-atrasol\/","title":{"rendered":"Services"},"content":{"rendered":"\t\t<div data-elementor-type=\"wp-page\" data-elementor-id=\"55\" class=\"elementor elementor-55\">\n\t\t\t\t\t\t<section class=\"elementor-section elementor-top-section elementor-element elementor-element-a3b6bbd elementor-section-stretched elementor-section-boxed elementor-section-height-default elementor-section-height-default\" data-id=\"a3b6bbd\" data-element_type=\"section\" data-e-type=\"section\" data-settings=\"{&quot;stretch_section&quot;:&quot;section-stretched&quot;}\">\n\t\t\t\t\t\t<div class=\"elementor-container elementor-column-gap-default\">\n\t\t\t\t\t<div class=\"elementor-column elementor-col-100 elementor-top-column elementor-element elementor-element-e24f185\" data-id=\"e24f185\" data-element_type=\"column\" data-e-type=\"column\">\n\t\t\t<div class=\"elementor-widget-wrap elementor-element-populated\">\n\t\t\t\t\t\t<div class=\"elementor-element elementor-element-e9f011d elementor-widget elementor-widget-text-editor\" data-id=\"e9f011d\" data-element_type=\"widget\" data-e-type=\"widget\" data-widget_type=\"text-editor.default\">\n\t\t\t\t<div class=\"elementor-widget-container\">\n\t\t\t\t\t\t\t\t\t<p>Chez Atrasol, nous sommes passionn\u00e9s par notre travail et nous sommes d\u00e9termin\u00e9s \u00e0 aider nos clients \u00e0 atteindre leurs objectifs en mati\u00e8re de durabilit\u00e9 et de protection de l&rsquo;environnement. Nous travaillons en \u00e9troite collaboration avec nos clients pour comprendre leurs besoins et proposer des solutions sur mesure qui r\u00e9pondent \u00e0 leurs objectifs sp\u00e9cifiques. Contactez-nous d\u00e8s aujourd&rsquo;hui pour en savoir plus sur nos services et comment nous pouvons vous aider \u00e0 atteindre vos objectifs de durabilit\u00e9.<\/p>\t\t\t\t\t\t\t\t<\/div>\n\t\t\t\t<\/div>\n\t\t\t\t\t<\/div>\n\t\t<\/div>\n\t\t\t\t\t<\/div>\n\t\t<\/section>\n\t\t\t\t<section class=\"elementor-section elementor-top-section elementor-element elementor-element-453c5c3 elementor-section-stretched elementor-section-boxed elementor-section-height-default elementor-section-height-default\" data-id=\"453c5c3\" data-element_type=\"section\" data-e-type=\"section\" data-settings=\"{&quot;stretch_section&quot;:&quot;section-stretched&quot;,&quot;background_background&quot;:&quot;classic&quot;}\">\n\t\t\t\t\t\t<div class=\"elementor-container elementor-column-gap-default\">\n\t\t\t\t\t<div class=\"elementor-column elementor-col-100 elementor-top-column elementor-element elementor-element-f97e0b6\" data-id=\"f97e0b6\" data-element_type=\"column\" data-e-type=\"column\">\n\t\t\t<div class=\"elementor-widget-wrap elementor-element-populated\">\n\t\t\t\t\t\t<div class=\"elementor-element elementor-element-0941356 elementor-widget elementor-widget-spacer\" data-id=\"0941356\" data-element_type=\"widget\" data-e-type=\"widget\" data-widget_type=\"spacer.default\">\n\t\t\t\t<div class=\"elementor-widget-container\">\n\t\t\t\t\t\t\t<div class=\"elementor-spacer\">\n\t\t\t<div class=\"elementor-spacer-inner\"><\/div>\n\t\t<\/div>\n\t\t\t\t\t\t<\/div>\n\t\t\t\t<\/div>\n\t\t\t\t<div class=\"elementor-element elementor-element-ea68da6 eael-fg-hoverer-content-align-center elementor-widget elementor-widget-eael-filterable-gallery\" data-id=\"ea68da6\" data-element_type=\"widget\" data-e-type=\"widget\" data-settings=\"{&quot;photo_gallery&quot;:&quot;yes&quot;}\" data-widget_type=\"eael-filterable-gallery.default\">\n\t\t\t\t<div class=\"elementor-widget-container\">\n\t\t\t\t\t<style id=\"eael-fg-inline-css-ea68da6\">@media only screen and (max-width: 2399px) {\n\t\t\t\t\t.elementor-element.elementor-element-ea68da6 .eael-filterable-gallery-item-wrap {\n\t\t\t\t\t        width: 50%;\n\t\t\t\t\t    }\n\t\t\t\t\t}@media only screen and (max-width: 1024px) {\n\t\t\t\t\t.elementor-element.elementor-element-ea68da6  .eael-filterable-gallery-item-wrap {\n\t\t\t\t\t        width: 50%;\n\t\t\t\t\t    }\n\t\t\t\t\t}@media only screen and (max-width: 767px) {\n\t\t\t\t\t.elementor-element.elementor-element-ea68da6  .eael-filterable-gallery-item-wrap {\n\t\t\t\t\t        width: 100%;\n\t\t\t\t\t    }\n\t\t\t\t\t}<\/style>        <div id=\"eael-filter-gallery-wrapper-ea68da6\" class=\"eael-filter-gallery-wrapper\" data-layout-mode=\"hoverer\" data-breakpoints=\"{&quot;mobile&quot;:{&quot;label&quot;:&quot;Portrait mobile&quot;,&quot;value&quot;:767,&quot;default_value&quot;:767,&quot;direction&quot;:&quot;max&quot;,&quot;is_enabled&quot;:true},&quot;mobile_extra&quot;:{&quot;label&quot;:&quot;Mobile Paysage&quot;,&quot;value&quot;:880,&quot;default_value&quot;:880,&quot;direction&quot;:&quot;max&quot;,&quot;is_enabled&quot;:false},&quot;tablet&quot;:{&quot;label&quot;:&quot;Tablette en mode portrait&quot;,&quot;value&quot;:1024,&quot;default_value&quot;:1024,&quot;direction&quot;:&quot;max&quot;,&quot;is_enabled&quot;:true},&quot;tablet_extra&quot;:{&quot;label&quot;:&quot;Tablette en mode paysage&quot;,&quot;value&quot;:1200,&quot;default_value&quot;:1200,&quot;direction&quot;:&quot;max&quot;,&quot;is_enabled&quot;:false},&quot;laptop&quot;:{&quot;label&quot;:&quot;Portable&quot;,&quot;value&quot;:1366,&quot;default_value&quot;:1366,&quot;direction&quot;:&quot;max&quot;,&quot;is_enabled&quot;:false},&quot;widescreen&quot;:{&quot;label&quot;:&quot;\\u00c9cran large&quot;,&quot;value&quot;:2400,&quot;default_value&quot;:2400,&quot;direction&quot;:&quot;min&quot;,&quot;is_enabled&quot;:false}}\" data-default_control_key=\"0\" data-custom_default_control=\"1\">\n                    <div class=\"eael-filter-gallery-container eael-filter-gallery-grid\" data-images-per-page=\"\" data-total-gallery-items=\"4\" data-nomore-item-text=\"\" data-is-randomize=\"no\" data-settings=\"{&quot;grid_style&quot;:&quot;grid&quot;,&quot;popup&quot;:&quot;buttons&quot;,&quot;duration&quot;:500,&quot;gallery_enabled&quot;:&quot;yes&quot;,&quot;video_gallery_yt_privacy&quot;:&quot;&quot;,&quot;control_all_text&quot;:null,&quot;mobile_scroll_to_top&quot;:&quot;&quot;,&quot;mobile_scroll_offset&quot;:0,&quot;post_id&quot;:55,&quot;widget_id&quot;:&quot;ea68da6&quot;}\" data-search-all=\"\" data-gallery-items=\"WyI8ZGl2IGNsYXNzPVwiZWFlbC1maWx0ZXJhYmxlLWdhbGxlcnktaXRlbS13cmFwIGVhZWwtY2YtYXNzaXN0YW5jZS1hdS1tYWl0cmUtZGFwb3N0cm9waGVvdXZyYWdlLWV0LWVudHJlcHJlbmV1clwiPlxuXHRcdFx0XHQ8ZGl2IGNsYXNzPVwiZWFlbC1nYWxsZXJ5LWdyaWQtaXRlbVwiPjxkaXYgY2xhc3M9XCJnYWxsZXJ5LWl0ZW0tdGh1bWJuYWlsLXdyYXBcIj48aW1nIHdpZHRoPVwiMzAwXCIgaGVpZ2h0PVwiMjAwXCIgc3JjPVwiaHR0cHM6XC9cL2F0cmFzb2wuZXVcL3dwLWNvbnRlbnRcL3VwbG9hZHNcLzIwMjNcLzA0XC9wZXhlbHMtZ2Vyem9uLXBpbmF0YS05NDA1NTE3LTMwMHgyMDAuanBnXCIgY2xhc3M9XCJhdHRhY2htZW50LW1lZGl1bSBzaXplLW1lZGl1bSB3cC1pbWFnZS02MTlcIiBhbHQ9XCJcIiBzcmNzZXQ9XCJodHRwczpcL1wvYXRyYXNvbC5ldVwvd3AtY29udGVudFwvdXBsb2Fkc1wvMjAyM1wvMDRcL3BleGVscy1nZXJ6b24tcGluYXRhLTk0MDU1MTctMzAweDIwMC5qcGcgMzAwdywgaHR0cHM6XC9cL2F0cmFzb2wuZXVcL3dwLWNvbnRlbnRcL3VwbG9hZHNcLzIwMjNcLzA0XC9wZXhlbHMtZ2Vyem9uLXBpbmF0YS05NDA1NTE3LTEwMjR4NjgzLmpwZyAxMDI0dywgaHR0cHM6XC9cL2F0cmFzb2wuZXVcL3dwLWNvbnRlbnRcL3VwbG9hZHNcLzIwMjNcLzA0XC9wZXhlbHMtZ2Vyem9uLXBpbmF0YS05NDA1NTE3LTc2OHg1MTIuanBnIDc2OHcsIGh0dHBzOlwvXC9hdHJhc29sLmV1XC93cC1jb250ZW50XC91cGxvYWRzXC8yMDIzXC8wNFwvcGV4ZWxzLWdlcnpvbi1waW5hdGEtOTQwNTUxNy0xNTM2eDEwMjQuanBnIDE1MzZ3XCIgc2l6ZXM9XCIobWF4LXdpZHRoOiAzMDBweCkgMTAwdncsIDMwMHB4XCIgXC8+PFwvZGl2PjxkaXYgY2xhc3M9XCJnYWxsZXJ5LWl0ZW0tY2FwdGlvbi13cmFwIGNhcHRpb24tc3R5bGUtaG92ZXJlciBlYWVsLXNsaWRlLXVwXCI+PGRpdiBjbGFzcz1cImdhbGxlcnktaXRlbS1ob3ZlcmVyLWJnXCI+PFwvZGl2PjxkaXYgY2xhc3M9XCJnYWxsZXJ5LWl0ZW0tY2FwdGlvbi1vdmVyXCI+PGgzIGNsYXNzPVwiZmctaXRlbS10aXRsZVwiPkFzc2lzdGFuY2UgYXUgbWFpdHJlIGQnb3V2cmFnZSBldCBlbnRyZXByZW5ldXI8XC9oMz48ZGl2IGNsYXNzPVwiZmctaXRlbS1jb250ZW50XCI+PHA+U3RyYXRcdTAwZTlnaWVzIGRlIGRcdTAwZTl2ZWxvcHBlbWVudCBldCBkZSB2YWxvcmlzYXRpb24gZGUgc2l0ZXMgaW5kdXN0cmllbHM8XC9wPlxuPHA+Q2FoaWVyIGRlcyBjaGFyZ2VzPFwvcD5cbjxwPkFpZGUgXHUwMGUwIGxhIHNvdW1pc3Npb24gKGRvbnQgdm9sZXQgZW52aXJvbm5lbWVudGFsIGV0IENPMik8XC9wPlxuPHA+R2VzdGlvbiBkZXMgdGVycmVzPFwvcD5cbjxcL2Rpdj48ZGl2IGNsYXNzPVwiZ2FsbGVyeS1pdGVtLWJ1dHRvbnNcIj4gICAgICAgICAgICAgICAgPGEgaHJlZj1cImh0dHA6XC9cL2F0cmFzb2wuZXVcL2luZGV4LnBocFwvYXNzaXN0YW5jZS1hdS1tYWl0cmUtZG91dnJhZ2UtZXQtZW50cmVwcmVuZXVyXC9cIiBhcmlhLWxhYmVsPVwiZWFlbC1pdGVtLW1heWJlLWxpbmtcIj4gPHNwYW4gY2xhc3M9XCJmZy1pdGVtLWljb24taW5uZXJcIj48aSBjbGFzcz1cImZhcyBmYS1saW5rXCIgYXJpYS1oaWRkZW49XCJ0cnVlXCI+PFwvaT48XC9zcGFuPjxcL2E+PFwvZGl2PjxcL2Rpdj48XC9kaXY+PFwvZGl2PjxcL2Rpdj4iLCI8ZGl2IGNsYXNzPVwiZWFlbC1maWx0ZXJhYmxlLWdhbGxlcnktaXRlbS13cmFwIGVhZWwtY2YtbWVzdXJlLWV0LXJcdTAwZTlkdWN0aW9ucy1kZXMtXHUwMGU5bWlzc2lvbnMtZGUtZ2VzXCI+XG5cdFx0XHRcdDxkaXYgY2xhc3M9XCJlYWVsLWdhbGxlcnktZ3JpZC1pdGVtXCI+PGRpdiBjbGFzcz1cImdhbGxlcnktaXRlbS10aHVtYm5haWwtd3JhcFwiPjxpbWcgd2lkdGg9XCIzMDBcIiBoZWlnaHQ9XCIyMDBcIiBzcmM9XCJodHRwczpcL1wvYXRyYXNvbC5ldVwvd3AtY29udGVudFwvdXBsb2Fkc1wvMjAyM1wvMDRcL3JlbmV3YWJsZS1lbmVyZ3ktZzQzNWJlY2IyYl8xOTIwLTMwMHgyMDAuanBnXCIgY2xhc3M9XCJhdHRhY2htZW50LW1lZGl1bSBzaXplLW1lZGl1bSB3cC1pbWFnZS02MjFcIiBhbHQ9XCJcIiBzcmNzZXQ9XCJodHRwczpcL1wvYXRyYXNvbC5ldVwvd3AtY29udGVudFwvdXBsb2Fkc1wvMjAyM1wvMDRcL3JlbmV3YWJsZS1lbmVyZ3ktZzQzNWJlY2IyYl8xOTIwLTMwMHgyMDAuanBnIDMwMHcsIGh0dHBzOlwvXC9hdHJhc29sLmV1XC93cC1jb250ZW50XC91cGxvYWRzXC8yMDIzXC8wNFwvcmVuZXdhYmxlLWVuZXJneS1nNDM1YmVjYjJiXzE5MjAtMTAyNHg2ODMuanBnIDEwMjR3LCBodHRwczpcL1wvYXRyYXNvbC5ldVwvd3AtY29udGVudFwvdXBsb2Fkc1wvMjAyM1wvMDRcL3JlbmV3YWJsZS1lbmVyZ3ktZzQzNWJlY2IyYl8xOTIwLTc2OHg1MTIuanBnIDc2OHcsIGh0dHBzOlwvXC9hdHJhc29sLmV1XC93cC1jb250ZW50XC91cGxvYWRzXC8yMDIzXC8wNFwvcmVuZXdhYmxlLWVuZXJneS1nNDM1YmVjYjJiXzE5MjAtMTUzNngxMDI0LmpwZyAxNTM2dywgaHR0cHM6XC9cL2F0cmFzb2wuZXVcL3dwLWNvbnRlbnRcL3VwbG9hZHNcLzIwMjNcLzA0XC9yZW5ld2FibGUtZW5lcmd5LWc0MzViZWNiMmJfMTkyMC5qcGcgMTkyMHdcIiBzaXplcz1cIihtYXgtd2lkdGg6IDMwMHB4KSAxMDB2dywgMzAwcHhcIiBcLz48XC9kaXY+PGRpdiBjbGFzcz1cImdhbGxlcnktaXRlbS1jYXB0aW9uLXdyYXAgY2FwdGlvbi1zdHlsZS1ob3ZlcmVyIGVhZWwtc2xpZGUtdXBcIj48ZGl2IGNsYXNzPVwiZ2FsbGVyeS1pdGVtLWhvdmVyZXItYmdcIj48XC9kaXY+PGRpdiBjbGFzcz1cImdhbGxlcnktaXRlbS1jYXB0aW9uLW92ZXJcIj48aDMgY2xhc3M9XCJmZy1pdGVtLXRpdGxlXCI+TWVzdXJlIGV0IHJcdTAwZTlkdWN0aW9ucyBkZXMgXHUwMGU5bWlzc2lvbnMgZGUgR0VTPFwvaDM+PGRpdiBjbGFzcz1cImZnLWl0ZW0tY29udGVudFwiPjxwPkJpbGFuIENhcmJvbmU8XC9wPlxuPHA+R3JlZW5ob3VzZSBHYXMgUHJvdG9jb2w8XC9wPlxuPHA+RWNoZWxsZSBkZSBwZXJmb3JtYW5jZSBDTzI8XC9wPlxuPHA+U3RyYXRcdTAwZTlnaWUgZGUgZFx1MDBlOXZlbG9wcGVtZW50IGR1cmFibGU8XC9wPlxuPFwvZGl2PjxkaXYgY2xhc3M9XCJnYWxsZXJ5LWl0ZW0tYnV0dG9uc1wiPiAgICAgICAgICAgICAgICA8YSBocmVmPVwiaHR0cDpcL1wvYXRyYXNvbC5ldVwvaW5kZXgucGhwXC9tZXN1cmUtZXQtcmVkdWN0aW9ucy1kZXMtZW1pc3Npb25zLWRlLWdlc1wvXCIgYXJpYS1sYWJlbD1cImVhZWwtaXRlbS1tYXliZS1saW5rXCI+IDxzcGFuIGNsYXNzPVwiZmctaXRlbS1pY29uLWlubmVyXCI+PGkgY2xhc3M9XCJmYXMgZmEtbGlua1wiIGFyaWEtaGlkZGVuPVwidHJ1ZVwiPjxcL2k+PFwvc3Bhbj48XC9hPjxcL2Rpdj48XC9kaXY+PFwvZGl2PjxcL2Rpdj48XC9kaXY+IiwiPGRpdiBjbGFzcz1cImVhZWwtZmlsdGVyYWJsZS1nYWxsZXJ5LWl0ZW0td3JhcCBlYWVsLWNmLWRcdTAwZTl2ZWxvcHBlbWVudC1kYXBvc3Ryb3BoZWFwcGxpY2F0aW9uLXdlYi1lbnZpcm9ubmVtZW50YWxlc1wiPlxuXHRcdFx0XHQ8ZGl2IGNsYXNzPVwiZWFlbC1nYWxsZXJ5LWdyaWQtaXRlbVwiPjxkaXYgY2xhc3M9XCJnYWxsZXJ5LWl0ZW0tdGh1bWJuYWlsLXdyYXBcIj48aW1nIHdpZHRoPVwiMzAwXCIgaGVpZ2h0PVwiMTY5XCIgc3JjPVwiaHR0cHM6XC9cL2F0cmFzb2wuZXVcL3dwLWNvbnRlbnRcL3VwbG9hZHNcLzIwMjNcLzA0XC9DYXB0dXJlLWRlY3Jhbi0xNDE5LTMtMzAweDE2OS5wbmdcIiBjbGFzcz1cImF0dGFjaG1lbnQtbWVkaXVtIHNpemUtbWVkaXVtIHdwLWltYWdlLTE2OThcIiBhbHQ9XCJcIiBzcmNzZXQ9XCJodHRwczpcL1wvYXRyYXNvbC5ldVwvd3AtY29udGVudFwvdXBsb2Fkc1wvMjAyM1wvMDRcL0NhcHR1cmUtZGVjcmFuLTE0MTktMy0zMDB4MTY5LnBuZyAzMDB3LCBodHRwczpcL1wvYXRyYXNvbC5ldVwvd3AtY29udGVudFwvdXBsb2Fkc1wvMjAyM1wvMDRcL0NhcHR1cmUtZGVjcmFuLTE0MTktMy0xMDI0eDU3OC5wbmcgMTAyNHcsIGh0dHBzOlwvXC9hdHJhc29sLmV1XC93cC1jb250ZW50XC91cGxvYWRzXC8yMDIzXC8wNFwvQ2FwdHVyZS1kZWNyYW4tMTQxOS0zLTc2OHg0MzQucG5nIDc2OHcsIGh0dHBzOlwvXC9hdHJhc29sLmV1XC93cC1jb250ZW50XC91cGxvYWRzXC8yMDIzXC8wNFwvQ2FwdHVyZS1kZWNyYW4tMTQxOS0zLnBuZyAxNDEwd1wiIHNpemVzPVwiKG1heC13aWR0aDogMzAwcHgpIDEwMHZ3LCAzMDBweFwiIFwvPjxcL2Rpdj48ZGl2IGNsYXNzPVwiZ2FsbGVyeS1pdGVtLWNhcHRpb24td3JhcCBjYXB0aW9uLXN0eWxlLWhvdmVyZXIgZWFlbC1zbGlkZS11cFwiPjxkaXYgY2xhc3M9XCJnYWxsZXJ5LWl0ZW0taG92ZXJlci1iZ1wiPjxcL2Rpdj48ZGl2IGNsYXNzPVwiZ2FsbGVyeS1pdGVtLWNhcHRpb24tb3ZlclwiPjxoMyBjbGFzcz1cImZnLWl0ZW0tdGl0bGVcIj5EXHUwMGU5dmVsb3BwZW1lbnQgZCdhcHBsaWNhdGlvbiB3ZWIgZW52aXJvbm5lbWVudGFsZXM8XC9oMz48ZGl2IGNsYXNzPVwiZmctaXRlbS1jb250ZW50XCI+PHA+Ulx1MDBlOWFsaXNhdGlvbnMgOjxcL3A+XG48cD5HZXN0aW9uIGRlcyB0ZXJyZXMgZXQgZGVzIG1hdFx1MDBlOXJpYXV4IDogPHN0cm9uZz51dGlsaVRFUlJFPFwvc3Ryb25nPjxcL3A+XG48cD5WYWxvcmlzYXRpb24gZGUgbGEgYmlvbWFzc2Ugc3VyIGRlcyBzaXRlcyBtYXJnaW5hdXggOiA8c3Ryb25nPlNpdGVmb3JiaW9tYXNzPFwvc3Ryb25nPjxcL3A+XG48cD5QbGF0ZS1mb3JtZSBkJnJzcXVvO1x1MDBlOWNoYW5nZSBwb3VyIGxhIHJldmFsb3Jpc2F0aW9uIGRlcyBmcmljaGVzIG1cdTAwZTl0YWxsdXJnaXF1ZXMgOiA8c3Ryb25nPlJFR0VORVJBVElTPFwvc3Ryb25nPjxcL3A+XG48cD5Wb3RyZSBhcHBsaWNhdGlvbiBzcFx1MDBlOWNpZmlxdWUgITxcL3A+XG48XC9kaXY+PGRpdiBjbGFzcz1cImdhbGxlcnktaXRlbS1idXR0b25zXCI+ICAgICAgICAgICAgICAgIDxhIGhyZWY9XCJodHRwOlwvXC9hdHJhc29sLmV1XC9pbmRleC5waHBcL2RldmVsb3BwZW1lbnQtZGFwcGxpY2F0aW9uLXdlYi1lbnZpcm9ubmVtZW50YWxlc1wvXCIgYXJpYS1sYWJlbD1cImVhZWwtaXRlbS1tYXliZS1saW5rXCI+IDxzcGFuIGNsYXNzPVwiZmctaXRlbS1pY29uLWlubmVyXCI+PGkgY2xhc3M9XCJmYXMgZmEtbGlua1wiIGFyaWEtaGlkZGVuPVwidHJ1ZVwiPjxcL2k+PFwvc3Bhbj48XC9hPjxcL2Rpdj48XC9kaXY+PFwvZGl2PjxcL2Rpdj48XC9kaXY+IiwiPGRpdiBjbGFzcz1cImVhZWwtZmlsdGVyYWJsZS1nYWxsZXJ5LWl0ZW0td3JhcCBlYWVsLWNmLWNvbnN1bHRhbmNlXCI+XG5cdFx0XHRcdDxkaXYgY2xhc3M9XCJlYWVsLWdhbGxlcnktZ3JpZC1pdGVtXCI+PGRpdiBjbGFzcz1cImdhbGxlcnktaXRlbS10aHVtYm5haWwtd3JhcFwiPjxpbWcgd2lkdGg9XCIzMDBcIiBoZWlnaHQ9XCIyMDBcIiBzcmM9XCJodHRwczpcL1wvYXRyYXNvbC5ldVwvd3AtY29udGVudFwvdXBsb2Fkc1wvMjAyM1wvMDRcL3BleGVscy1jb3R0b25icm8tc3R1ZGlvLTc1Nzg4MDktMzAweDIwMC5qcGdcIiBjbGFzcz1cImF0dGFjaG1lbnQtbWVkaXVtIHNpemUtbWVkaXVtIHdwLWltYWdlLTYyMlwiIGFsdD1cIlwiIHNyY3NldD1cImh0dHBzOlwvXC9hdHJhc29sLmV1XC93cC1jb250ZW50XC91cGxvYWRzXC8yMDIzXC8wNFwvcGV4ZWxzLWNvdHRvbmJyby1zdHVkaW8tNzU3ODgwOS0zMDB4MjAwLmpwZyAzMDB3LCBodHRwczpcL1wvYXRyYXNvbC5ldVwvd3AtY29udGVudFwvdXBsb2Fkc1wvMjAyM1wvMDRcL3BleGVscy1jb3R0b25icm8tc3R1ZGlvLTc1Nzg4MDktMTAyNHg2ODMuanBnIDEwMjR3LCBodHRwczpcL1wvYXRyYXNvbC5ldVwvd3AtY29udGVudFwvdXBsb2Fkc1wvMjAyM1wvMDRcL3BleGVscy1jb3R0b25icm8tc3R1ZGlvLTc1Nzg4MDktNzY4eDUxMi5qcGcgNzY4dywgaHR0cHM6XC9cL2F0cmFzb2wuZXVcL3dwLWNvbnRlbnRcL3VwbG9hZHNcLzIwMjNcLzA0XC9wZXhlbHMtY290dG9uYnJvLXN0dWRpby03NTc4ODA5LTE1MzZ4MTAyNC5qcGcgMTUzNndcIiBzaXplcz1cIihtYXgtd2lkdGg6IDMwMHB4KSAxMDB2dywgMzAwcHhcIiBcLz48XC9kaXY+PGRpdiBjbGFzcz1cImdhbGxlcnktaXRlbS1jYXB0aW9uLXdyYXAgY2FwdGlvbi1zdHlsZS1ob3ZlcmVyIGVhZWwtc2xpZGUtdXBcIj48ZGl2IGNsYXNzPVwiZ2FsbGVyeS1pdGVtLWhvdmVyZXItYmdcIj48XC9kaXY+PGRpdiBjbGFzcz1cImdhbGxlcnktaXRlbS1jYXB0aW9uLW92ZXJcIj48aDMgY2xhc3M9XCJmZy1pdGVtLXRpdGxlXCI+Q29uc3VsdGFuY2U8XC9oMz48ZGl2IGNsYXNzPVwiZmctaXRlbS1jb250ZW50XCI+PHA+UGVybWlzIGQmcnNxdW87ZW52aXJvbm5lbWVudCwgcGxhbiBkZSBzdXJ2ZWlsbGFuY2UgZGVzIG9ibGlnYXRpb25zIGVudmlyb25uZW1lbnRhbGVzIChQSVNPRSksIGRvc3NpZXIgdGVjaG5pcXVlLCAmIzgyMzA7PFwvcD5cbjxwPk1vbnRhZ2UgZGUgcHJvamV0cyBldXJvcFx1MDBlOWVuc1x1MDBhMDxcL3A+XG48cD5FdHVkZXMgdGVjaG5pcXVlcyBkZSBtYXJjaFx1MDBlOXNcdTAwYTA8XC9wPlxuPHA+QXZpcyB0ZWNobmlxdWUgKHRpZXIgaW5kXHUwMGU5cGVuZGFudCk8XC9wPlxuPFwvZGl2PjxkaXYgY2xhc3M9XCJnYWxsZXJ5LWl0ZW0tYnV0dG9uc1wiPiAgICAgICAgICAgICAgICA8YSBocmVmPVwiaHR0cDpcL1wvYXRyYXNvbC5ldVwvaW5kZXgucGhwXC9jb25zdWx0YW5jZVwvXCIgYXJpYS1sYWJlbD1cImVhZWwtaXRlbS1tYXliZS1saW5rXCI+IDxzcGFuIGNsYXNzPVwiZmctaXRlbS1pY29uLWlubmVyXCI+PGkgY2xhc3M9XCJmYXMgZmEtbGlua1wiIGFyaWEtaGlkZGVuPVwidHJ1ZVwiPjxcL2k+PFwvc3Bhbj48XC9hPjxcL2Rpdj48XC9kaXY+PFwvZGl2PjxcL2Rpdj48XC9kaXY+Il0=\" data-init-show=\"4\">\n            <div class=\"eael-filterable-gallery-item-wrap eael-cf-assistance-au-maitre-dapostropheouvrage-et-entrepreneur\">\n\t\t\t\t<div class=\"eael-gallery-grid-item\"><div class=\"gallery-item-thumbnail-wrap\"><img fetchpriority=\"high\" decoding=\"async\" width=\"300\" height=\"200\" src=\"https:\/\/atrasol.eu\/wp-content\/uploads\/2023\/04\/pexels-gerzon-pinata-9405517-300x200.jpg\" class=\"attachment-medium size-medium wp-image-619\" alt=\"\" srcset=\"https:\/\/atrasol.eu\/wp-content\/uploads\/2023\/04\/pexels-gerzon-pinata-9405517-300x200.jpg 300w, https:\/\/atrasol.eu\/wp-content\/uploads\/2023\/04\/pexels-gerzon-pinata-9405517-1024x683.jpg 1024w, https:\/\/atrasol.eu\/wp-content\/uploads\/2023\/04\/pexels-gerzon-pinata-9405517-768x512.jpg 768w, https:\/\/atrasol.eu\/wp-content\/uploads\/2023\/04\/pexels-gerzon-pinata-9405517-1536x1024.jpg 1536w\" sizes=\"(max-width: 300px) 100vw, 300px\" \/><\/div><div class=\"gallery-item-caption-wrap caption-style-hoverer eael-slide-up\"><div class=\"gallery-item-hoverer-bg\"><\/div><div class=\"gallery-item-caption-over\"><h3 class=\"fg-item-title\">Assistance au maitre d'ouvrage et entrepreneur<\/h3><div class=\"fg-item-content\"><p>Strat\u00e9gies de d\u00e9veloppement et de valorisation de sites industriels<\/p>\n<p>Cahier des charges<\/p>\n<p>Aide \u00e0 la soumission (dont volet environnemental et CO2)<\/p>\n<p>Gestion des terres<\/p>\n<\/div><div class=\"gallery-item-buttons\">                <a href=\"https:\/\/atrasol.eu\/index.php\/assistance-au-maitre-douvrage-et-entrepreneur\/\" aria-label=\"eael-item-maybe-link\"> <span class=\"fg-item-icon-inner\"><i class=\"fas fa-link\" aria-hidden=\"true\"><\/i><\/span><\/a><\/div><\/div><\/div><\/div><\/div><div class=\"eael-filterable-gallery-item-wrap eael-cf-mesure-et-r\u00e9ductions-des-\u00e9missions-de-ges\">\n\t\t\t\t<div class=\"eael-gallery-grid-item\"><div class=\"gallery-item-thumbnail-wrap\"><img decoding=\"async\" width=\"300\" height=\"200\" src=\"https:\/\/atrasol.eu\/wp-content\/uploads\/2023\/04\/renewable-energy-g435becb2b_1920-300x200.jpg\" class=\"attachment-medium size-medium wp-image-621\" alt=\"\" srcset=\"https:\/\/atrasol.eu\/wp-content\/uploads\/2023\/04\/renewable-energy-g435becb2b_1920-300x200.jpg 300w, https:\/\/atrasol.eu\/wp-content\/uploads\/2023\/04\/renewable-energy-g435becb2b_1920-1024x683.jpg 1024w, https:\/\/atrasol.eu\/wp-content\/uploads\/2023\/04\/renewable-energy-g435becb2b_1920-768x512.jpg 768w, https:\/\/atrasol.eu\/wp-content\/uploads\/2023\/04\/renewable-energy-g435becb2b_1920-1536x1024.jpg 1536w, https:\/\/atrasol.eu\/wp-content\/uploads\/2023\/04\/renewable-energy-g435becb2b_1920.jpg 1920w\" sizes=\"(max-width: 300px) 100vw, 300px\" \/><\/div><div class=\"gallery-item-caption-wrap caption-style-hoverer eael-slide-up\"><div class=\"gallery-item-hoverer-bg\"><\/div><div class=\"gallery-item-caption-over\"><h3 class=\"fg-item-title\">Mesure et r\u00e9ductions des \u00e9missions de GES<\/h3><div class=\"fg-item-content\"><p>Bilan Carbone<\/p>\n<p>Greenhouse Gas Protocol<\/p>\n<p>Echelle de performance CO2<\/p>\n<p>Strat\u00e9gie de d\u00e9veloppement durable<\/p>\n<\/div><div class=\"gallery-item-buttons\">                <a href=\"https:\/\/atrasol.eu\/index.php\/mesure-et-reductions-des-emissions-de-ges\/\" aria-label=\"eael-item-maybe-link\"> <span class=\"fg-item-icon-inner\"><i class=\"fas fa-link\" aria-hidden=\"true\"><\/i><\/span><\/a><\/div><\/div><\/div><\/div><\/div><div class=\"eael-filterable-gallery-item-wrap eael-cf-d\u00e9veloppement-dapostropheapplication-web-environnementales\">\n\t\t\t\t<div class=\"eael-gallery-grid-item\"><div class=\"gallery-item-thumbnail-wrap\"><img decoding=\"async\" width=\"300\" height=\"169\" src=\"https:\/\/atrasol.eu\/wp-content\/uploads\/2023\/04\/Capture-decran-1419-3-300x169.png\" class=\"attachment-medium size-medium wp-image-1698\" alt=\"\" srcset=\"https:\/\/atrasol.eu\/wp-content\/uploads\/2023\/04\/Capture-decran-1419-3-300x169.png 300w, https:\/\/atrasol.eu\/wp-content\/uploads\/2023\/04\/Capture-decran-1419-3-1024x578.png 1024w, https:\/\/atrasol.eu\/wp-content\/uploads\/2023\/04\/Capture-decran-1419-3-768x434.png 768w, https:\/\/atrasol.eu\/wp-content\/uploads\/2023\/04\/Capture-decran-1419-3.png 1410w\" sizes=\"(max-width: 300px) 100vw, 300px\" \/><\/div><div class=\"gallery-item-caption-wrap caption-style-hoverer eael-slide-up\"><div class=\"gallery-item-hoverer-bg\"><\/div><div class=\"gallery-item-caption-over\"><h3 class=\"fg-item-title\">D\u00e9veloppement d'application web environnementales<\/h3><div class=\"fg-item-content\"><p>R\u00e9alisations :<\/p>\n<p>Gestion des terres et des mat\u00e9riaux : <strong>utiliTERRE<\/strong><\/p>\n<p>Valorisation de la biomasse sur des sites marginaux : <strong>Siteforbiomass<\/strong><\/p>\n<p>Plate-forme d&rsquo;\u00e9change pour la revalorisation des friches m\u00e9tallurgiques : <strong>REGENERATIS<\/strong><\/p>\n<p>Votre application sp\u00e9cifique !<\/p>\n<\/div><div class=\"gallery-item-buttons\">                <a href=\"https:\/\/atrasol.eu\/index.php\/developpement-dapplication-web-environnementales\/\" aria-label=\"eael-item-maybe-link\"> <span class=\"fg-item-icon-inner\"><i class=\"fas fa-link\" aria-hidden=\"true\"><\/i><\/span><\/a><\/div><\/div><\/div><\/div><\/div><div class=\"eael-filterable-gallery-item-wrap eael-cf-consultance\">\n\t\t\t\t<div class=\"eael-gallery-grid-item\"><div class=\"gallery-item-thumbnail-wrap\"><img loading=\"lazy\" decoding=\"async\" width=\"300\" height=\"200\" src=\"https:\/\/atrasol.eu\/wp-content\/uploads\/2023\/04\/pexels-cottonbro-studio-7578809-300x200.jpg\" class=\"attachment-medium size-medium wp-image-622\" alt=\"\" srcset=\"https:\/\/atrasol.eu\/wp-content\/uploads\/2023\/04\/pexels-cottonbro-studio-7578809-300x200.jpg 300w, https:\/\/atrasol.eu\/wp-content\/uploads\/2023\/04\/pexels-cottonbro-studio-7578809-1024x683.jpg 1024w, https:\/\/atrasol.eu\/wp-content\/uploads\/2023\/04\/pexels-cottonbro-studio-7578809-768x512.jpg 768w, https:\/\/atrasol.eu\/wp-content\/uploads\/2023\/04\/pexels-cottonbro-studio-7578809-1536x1024.jpg 1536w\" sizes=\"(max-width: 300px) 100vw, 300px\" \/><\/div><div class=\"gallery-item-caption-wrap caption-style-hoverer eael-slide-up\"><div class=\"gallery-item-hoverer-bg\"><\/div><div class=\"gallery-item-caption-over\"><h3 class=\"fg-item-title\">Consultance<\/h3><div class=\"fg-item-content\"><p>Permis d&rsquo;environnement, plan de surveillance des obligations environnementales (PISOE), dossier technique, &#8230;<\/p>\n<p>Montage de projets europ\u00e9ens\u00a0<\/p>\n<p>Etudes techniques de march\u00e9s\u00a0<\/p>\n<p>Avis technique (tier ind\u00e9pendant)<\/p>\n<\/div><div class=\"gallery-item-buttons\">                <a href=\"https:\/\/atrasol.eu\/index.php\/consultance\/\" aria-label=\"eael-item-maybe-link\"> <span class=\"fg-item-icon-inner\"><i class=\"fas fa-link\" aria-hidden=\"true\"><\/i><\/span><\/a><\/div><\/div><\/div><\/div><\/div>        <\/div>\n                <\/div>\n        \n        \t\t\t\t<\/div>\n\t\t\t\t<\/div>\n\t\t\t\t\t<\/div>\n\t\t<\/div>\n\t\t\t\t\t<\/div>\n\t\t<\/section>\n\t\t\t\t<section class=\"elementor-section elementor-top-section elementor-element elementor-element-9bfb4e5 elementor-section-stretched elementor-section-boxed elementor-section-height-default elementor-section-height-default\" data-id=\"9bfb4e5\" data-element_type=\"section\" data-e-type=\"section\" data-settings=\"{&quot;stretch_section&quot;:&quot;section-stretched&quot;}\">\n\t\t\t\t\t\t<div class=\"elementor-container elementor-column-gap-default\">\n\t\t\t\t\t<div class=\"elementor-column elementor-col-100 elementor-top-column elementor-element elementor-element-440173a\" data-id=\"440173a\" data-element_type=\"column\" data-e-type=\"column\">\n\t\t\t<div class=\"elementor-widget-wrap\">\n\t\t\t\t\t\t\t<\/div>\n\t\t<\/div>\n\t\t\t\t\t<\/div>\n\t\t<\/section>\n\t\t\t\t<\/div>\n\t\t","protected":false},"excerpt":{"rendered":"<p>Chez Atrasol, nous sommes passionn\u00e9s par notre travail et nous sommes d\u00e9termin\u00e9s \u00e0 aider nos clients \u00e0 atteindre leurs objectifs en mati\u00e8re de durabilit\u00e9 et&hellip;<\/p>\n","protected":false},"author":1,"featured_media":0,"parent":0,"menu_order":0,"comment_status":"closed","ping_status":"closed","template":"","meta":{"_monsterinsights_skip_tracking":false,"_monsterinsights_sitenote_active":false,"_monsterinsights_sitenote_note":"","_monsterinsights_sitenote_category":0,"footnotes":""},"class_list":["post-55","page","type-page","status-publish","hentry"],"aioseo_notices":[],"rttpg_featured_image_url":null,"rttpg_author":{"display_name":"renaud","author_link":"https:\/\/atrasol.eu\/index.php\/author\/renaud\/"},"rttpg_comment":0,"rttpg_category":" <a href=\"https:\/\/atrasol.eu\/\" rel=\"tag\">Fran\u00e7ais<\/a>","rttpg_excerpt":"Chez Atrasol, nous sommes passionn\u00e9s par notre travail et nous sommes d\u00e9termin\u00e9s \u00e0 aider nos clients \u00e0 atteindre leurs objectifs en mati\u00e8re de durabilit\u00e9 et&hellip;","_links":{"self":[{"href":"https:\/\/atrasol.eu\/index.php\/wp-json\/wp\/v2\/pages\/55","targetHints":{"allow":["GET"]}}],"collection":[{"href":"https:\/\/atrasol.eu\/index.php\/wp-json\/wp\/v2\/pages"}],"about":[{"href":"https:\/\/atrasol.eu\/index.php\/wp-json\/wp\/v2\/types\/page"}],"author":[{"embeddable":true,"href":"https:\/\/atrasol.eu\/index.php\/wp-json\/wp\/v2\/users\/1"}],"replies":[{"embeddable":true,"href":"https:\/\/atrasol.eu\/index.php\/wp-json\/wp\/v2\/comments?post=55"}],"version-history":[{"count":154,"href":"https:\/\/atrasol.eu\/index.php\/wp-json\/wp\/v2\/pages\/55\/revisions"}],"predecessor-version":[{"id":2000,"href":"https:\/\/atrasol.eu\/index.php\/wp-json\/wp\/v2\/pages\/55\/revisions\/2000"}],"wp:attachment":[{"href":"https:\/\/atrasol.eu\/index.php\/wp-json\/wp\/v2\/media?parent=55"}],"curies":[{"name":"wp","href":"https:\/\/api.w.org\/{rel}","templated":true}]}}