{"id":58,"date":"2023-03-21T18:12:51","date_gmt":"2023-03-21T17:12:51","guid":{"rendered":"http:\/\/atrasol.eu\/?page_id=58"},"modified":"2023-10-05T12:57:32","modified_gmt":"2023-10-05T10:57:32","slug":"actualites","status":"publish","type":"page","link":"https:\/\/atrasol.eu\/index.php\/actualites\/","title":{"rendered":"Actualit\u00e9s"},"content":{"rendered":"\t\t<div data-elementor-type=\"wp-page\" data-elementor-id=\"58\" class=\"elementor elementor-58\">\n\t\t\t\t\t\t<section class=\"elementor-section elementor-top-section elementor-element elementor-element-2558b30 elementor-section-stretched elementor-section-boxed elementor-section-height-default elementor-section-height-default\" data-id=\"2558b30\" data-element_type=\"section\" data-e-type=\"section\" data-settings=\"{&quot;stretch_section&quot;:&quot;section-stretched&quot;}\">\n\t\t\t\t\t\t<div class=\"elementor-container elementor-column-gap-default\">\n\t\t\t\t\t<div class=\"elementor-column elementor-col-100 elementor-top-column elementor-element elementor-element-4ac3975\" data-id=\"4ac3975\" data-element_type=\"column\" data-e-type=\"column\">\n\t\t\t<div class=\"elementor-widget-wrap\">\n\t\t\t\t\t\t\t<\/div>\n\t\t<\/div>\n\t\t\t\t\t<\/div>\n\t\t<\/section>\n\t\t\t\t<section class=\"elementor-section elementor-top-section elementor-element elementor-element-2beaabb elementor-section-stretched elementor-section-boxed elementor-section-height-default elementor-section-height-default\" data-id=\"2beaabb\" data-element_type=\"section\" data-e-type=\"section\" data-settings=\"{&quot;stretch_section&quot;:&quot;section-stretched&quot;}\">\n\t\t\t\t\t\t<div class=\"elementor-container elementor-column-gap-default\">\n\t\t\t\t\t<div class=\"elementor-column elementor-col-100 elementor-top-column elementor-element elementor-element-9328f45\" data-id=\"9328f45\" data-element_type=\"column\" data-e-type=\"column\">\n\t\t\t<div class=\"elementor-widget-wrap elementor-element-populated\">\n\t\t\t\t\t\t<div class=\"elementor-element elementor-element-d476a84 readmore-btn-only-text title_position_default title_hover_border_default title-default img_hover_animation_default grid-hover-overlay-type-always tpg-el-box-border-enable tpg-border-bottom-disable elementor-widget elementor-widget-tpg-grid-layout\" data-id=\"d476a84\" data-element_type=\"widget\" data-e-type=\"widget\" data-widget_type=\"tpg-grid-layout.default\">\n\t\t\t\t<div class=\"elementor-widget-container\">\n\t\t\t\t\t\t\t<div class=\"rt-container-fluid rt-tpg-container tpg-el-main-wrapper clearfix grid-layout1-main \"\n\t\t\t id=\"rt-tpg-container-4268097940\"\n\t\t\t data-layout=\"grid-layout1\"\n\t\t\t data-grid-style=\"tpg-full-height\"\n\t\t\t data-sc-id=\"elementor\"\n\t\t\t data-el-settings=''\n\t\t\t data-el-query=''\n\t\t\t data-el-path=''\n\t\t>\n\t\t\t\t\t\t<div class='tpg-header-wrapper '>\n\t\t\t\t\t\t\t<\/div>\n\n\t\t\t<div data-title=\"Loading ...\" class=\"rt-row rt-content-loader grid-layout1 grid-behaviour tpg-full-height grid_layout_wrapper\">\n\t\t\t\t<div class=\"rt-col-md-4 rt-col-sm-6 rt-col-xs-12 default rt-grid-item post-2245 post type-post status-publish format-standard hentry category-fr\"        data-id=\"2245\">\n    <div class=\"rt-holder tpg-post-holder \">\n        <div class=\"rt-detail rt-el-content-wrapper\">\n\t\t\t                <div class=\"rt-img-holder tpg-el-image-wrap has-no-thumbnail\">\n\t\t\t\t\t<a data-id=\"2245\" href=\"https:\/\/atrasol.eu\/index.php\/2025\/03\/25\/gestion-des-dechets-solides-un-diagnostic-pousse-sur-4-filiales-francaises\/\" class=\"tpg-post-link\" target=\"_self\">\t\t\n\t\t<\/a>\n\t\t        <div class=\"overlay grid-hover-content\"><\/div>\n\t\t                <\/div>\n\t\t\t\n\t\t\t<div class=\"entry-title-wrapper\"><h3 class=\"entry-title\"><a data-id=\"2245\" href=\"https:\/\/atrasol.eu\/index.php\/2025\/03\/25\/gestion-des-dechets-solides-un-diagnostic-pousse-sur-4-filiales-francaises\/\" class=\"tpg-post-link\" target=\"_self\">Gestion des d\u00e9chets solides: un diagnostic pouss\u00e9 sur 4 filiales fran\u00e7aises<\/a><\/h3><\/div>\n\t\t\t\n\n\t\t\t                <div class=\"tpg-excerpt tpg-el-excerpt\">\n\t\t\t\t\t                        <div class=\"tpg-excerpt-inner\">\n\t\t\t\t\t\t\tLe Groupe Keolis a confi\u00e9 en 2024 \u00e0 Atrasol une mission de diagnostic et de recommandations strat\u00e9giques pour am\u00e9liorer le taux de valorisation des...                        <\/div>\n\t\t\t\t\t\t\t\t\t\t                <\/div>\n\t\t\t\n\t\t\t        <div class=\"post-footer\">\n            <div class=\"post-footer\">\n                <div class=\"read-more\">\n\t\t\t\t\t<a data-id=\"2245\" href=\"https:\/\/atrasol.eu\/index.php\/2025\/03\/25\/gestion-des-dechets-solides-un-diagnostic-pousse-sur-4-filiales-francaises\/\" class=\"tpg-post-link\" target=\"_self\">Read More<i aria-hidden=\"true\" class=\"right-icon fas fa-arrow-circle-right\"><\/i><\/a>                <\/div>\n            <\/div>\n        <\/div>\n\t\t        <\/div>\n    <\/div>\n<\/div>\n<div class=\"rt-col-md-4 rt-col-sm-6 rt-col-xs-12 default rt-grid-item post-2242 post type-post status-publish format-standard hentry category-fr\"        data-id=\"2242\">\n    <div class=\"rt-holder tpg-post-holder \">\n        <div class=\"rt-detail rt-el-content-wrapper\">\n\t\t\t                <div class=\"rt-img-holder tpg-el-image-wrap has-no-thumbnail\">\n\t\t\t\t\t<a data-id=\"2242\" href=\"https:\/\/atrasol.eu\/index.php\/2025\/03\/25\/renaud-de-rijdt-enseigne-a-lifapme\/\" class=\"tpg-post-link\" target=\"_self\">\t\t\n\t\t<\/a>\n\t\t        <div class=\"overlay grid-hover-content\"><\/div>\n\t\t                <\/div>\n\t\t\t\n\t\t\t<div class=\"entry-title-wrapper\"><h3 class=\"entry-title\"><a data-id=\"2242\" href=\"https:\/\/atrasol.eu\/index.php\/2025\/03\/25\/renaud-de-rijdt-enseigne-a-lifapme\/\" class=\"tpg-post-link\" target=\"_self\">Renaud De Rijdt enseigne \u00e0 l&rsquo;IFAPME!<\/a><\/h3><\/div>\n\t\t\t\n\n\t\t\t                <div class=\"tpg-excerpt tpg-el-excerpt\">\n\t\t\t\t\t                        <div class=\"tpg-excerpt-inner\">\n\t\t\t\t\t\t\tEn plus de cours occasionnels \u00e0 l&rsquo;Universit\u00e9 de Li\u00e8ge, Renaud donne maintenant plusieurs journ\u00e9es de formation \u00e0 l&rsquo;IFAPME Li\u00e8ge-Verviers:...                        <\/div>\n\t\t\t\t\t\t\t\t\t\t                <\/div>\n\t\t\t\n\t\t\t        <div class=\"post-footer\">\n            <div class=\"post-footer\">\n                <div class=\"read-more\">\n\t\t\t\t\t<a data-id=\"2242\" href=\"https:\/\/atrasol.eu\/index.php\/2025\/03\/25\/renaud-de-rijdt-enseigne-a-lifapme\/\" class=\"tpg-post-link\" target=\"_self\">Read More<i aria-hidden=\"true\" class=\"right-icon fas fa-arrow-circle-right\"><\/i><\/a>                <\/div>\n            <\/div>\n        <\/div>\n\t\t        <\/div>\n    <\/div>\n<\/div>\n<div class=\"rt-col-md-4 rt-col-sm-6 rt-col-xs-12 default rt-grid-item post-2221 post type-post status-publish format-standard hentry category-fr\"        data-id=\"2221\">\n    <div class=\"rt-holder tpg-post-holder \">\n        <div class=\"rt-detail rt-el-content-wrapper\">\n\t\t\t                <div class=\"rt-img-holder tpg-el-image-wrap has-no-thumbnail\">\n\t\t\t\t\t<a data-id=\"2221\" href=\"https:\/\/atrasol.eu\/index.php\/2023\/10\/05\/nwe-regeneratis-workshop-final-copy\/\" class=\"tpg-post-link\" target=\"_self\">\t\t\n\t\t<\/a>\n\t\t        <div class=\"overlay grid-hover-content\"><\/div>\n\t\t                <\/div>\n\t\t\t\n\t\t\t<div class=\"entry-title-wrapper\"><h3 class=\"entry-title\"><a data-id=\"2221\" href=\"https:\/\/atrasol.eu\/index.php\/2023\/10\/05\/nwe-regeneratis-workshop-final-copy\/\" class=\"tpg-post-link\" target=\"_self\">Les ateliers relatifs aux Etats G\u00e9n\u00e9raux des Sols wallons sont sur les rails!<\/a><\/h3><\/div>\n\t\t\t\n\n\t\t\t                <div class=\"tpg-excerpt tpg-el-excerpt\">\n\t\t\t\t\t                        <div class=\"tpg-excerpt-inner\">\n\t\t\t\t\t\t\tNous sommes ravis de vous convier aux s\u00e9ances d&rsquo;atelier organis\u00e9es suite au colloque Etats g\u00e9n\u00e9raux des Sols wallons, qui s&rsquo;est d\u00e9roul\u00e9 le...                        <\/div>\n\t\t\t\t\t\t\t\t\t\t                <\/div>\n\t\t\t\n\t\t\t        <div class=\"post-footer\">\n            <div class=\"post-footer\">\n                <div class=\"read-more\">\n\t\t\t\t\t<a data-id=\"2221\" href=\"https:\/\/atrasol.eu\/index.php\/2023\/10\/05\/nwe-regeneratis-workshop-final-copy\/\" class=\"tpg-post-link\" target=\"_self\">Read More<i aria-hidden=\"true\" class=\"right-icon fas fa-arrow-circle-right\"><\/i><\/a>                <\/div>\n            <\/div>\n        <\/div>\n\t\t        <\/div>\n    <\/div>\n<\/div>\n<div class=\"rt-col-md-4 rt-col-sm-6 rt-col-xs-12 default rt-grid-item post-1870 post type-post status-publish format-standard hentry category-fr\"        data-id=\"1870\">\n    <div class=\"rt-holder tpg-post-holder \">\n        <div class=\"rt-detail rt-el-content-wrapper\">\n\t\t\t                <div class=\"rt-img-holder tpg-el-image-wrap has-no-thumbnail\">\n\t\t\t\t\t<a data-id=\"1870\" href=\"https:\/\/atrasol.eu\/index.php\/2023\/05\/02\/projet-europeen-new-c-land\/\" class=\"tpg-post-link\" target=\"_self\">\t\t\n\t\t<\/a>\n\t\t        <div class=\"overlay grid-hover-content\"><\/div>\n\t\t                <\/div>\n\t\t\t\n\t\t\t<div class=\"entry-title-wrapper\"><h3 class=\"entry-title\"><a data-id=\"1870\" href=\"https:\/\/atrasol.eu\/index.php\/2023\/05\/02\/projet-europeen-new-c-land\/\" class=\"tpg-post-link\" target=\"_self\">Projet Europ\u00e9en &#8211; New C land<\/a><\/h3><\/div>\n\t\t\t\n\n\t\t\t                <div class=\"tpg-excerpt tpg-el-excerpt\">\n\t\t\t\t\t                        <div class=\"tpg-excerpt-inner\">\n\t\t\t\t\t\t\tVoir la plateforme La transition vers une \u00e9conomie plus durable est un enjeu majeur pour notre plan\u00e8te. Les gouvernements r\u00e9gionaux sont fortement...                        <\/div>\n\t\t\t\t\t\t\t\t\t\t                <\/div>\n\t\t\t\n\t\t\t        <div class=\"post-footer\">\n            <div class=\"post-footer\">\n                <div class=\"read-more\">\n\t\t\t\t\t<a data-id=\"1870\" href=\"https:\/\/atrasol.eu\/index.php\/2023\/05\/02\/projet-europeen-new-c-land\/\" class=\"tpg-post-link\" target=\"_self\">Read More<i aria-hidden=\"true\" class=\"right-icon fas fa-arrow-circle-right\"><\/i><\/a>                <\/div>\n            <\/div>\n        <\/div>\n\t\t        <\/div>\n    <\/div>\n<\/div>\n<div class=\"rt-col-md-4 rt-col-sm-6 rt-col-xs-12 default rt-grid-item post-1723 post type-post status-publish format-standard hentry category-fr\"        data-id=\"1723\">\n    <div class=\"rt-holder tpg-post-holder \">\n        <div class=\"rt-detail rt-el-content-wrapper\">\n\t\t\t                <div class=\"rt-img-holder tpg-el-image-wrap has-no-thumbnail\">\n\t\t\t\t\t<a data-id=\"1723\" href=\"https:\/\/atrasol.eu\/index.php\/2023\/04\/25\/echelle-de-performance-co2\/\" class=\"tpg-post-link\" target=\"_self\">\t\t\n\t\t<\/a>\n\t\t        <div class=\"overlay grid-hover-content\"><\/div>\n\t\t                <\/div>\n\t\t\t\n\t\t\t<div class=\"entry-title-wrapper\"><h3 class=\"entry-title\"><a data-id=\"1723\" href=\"https:\/\/atrasol.eu\/index.php\/2023\/04\/25\/echelle-de-performance-co2\/\" class=\"tpg-post-link\" target=\"_self\">Echelle de performance CO2<\/a><\/h3><\/div>\n\t\t\t\n\n\t\t\t                <div class=\"tpg-excerpt tpg-el-excerpt\">\n\t\t\t\t\t                        <div class=\"tpg-excerpt-inner\">\n\t\t\t\t\t\t\tR\u00e9duire ses \u00e9missions de CO2, cela va devenir incontournable sur les chantiers ! Le projet \u00ab Terminal Portuaire (route + canal) \u00bb, \u00e0 Pommeroeul...                        <\/div>\n\t\t\t\t\t\t\t\t\t\t                <\/div>\n\t\t\t\n\t\t\t        <div class=\"post-footer\">\n            <div class=\"post-footer\">\n                <div class=\"read-more\">\n\t\t\t\t\t<a data-id=\"1723\" href=\"https:\/\/atrasol.eu\/index.php\/2023\/04\/25\/echelle-de-performance-co2\/\" class=\"tpg-post-link\" target=\"_self\">Read More<i aria-hidden=\"true\" class=\"right-icon fas fa-arrow-circle-right\"><\/i><\/a>                <\/div>\n            <\/div>\n        <\/div>\n\t\t        <\/div>\n    <\/div>\n<\/div>\n\t\t\t<\/div>\n\t\t\t\n\t\t<\/div>\n\t\t\t\t\t\t<\/div>\n\t\t\t\t<\/div>\n\t\t\t\t\t<\/div>\n\t\t<\/div>\n\t\t\t\t\t<\/div>\n\t\t<\/section>\n\t\t\t\t<\/div>\n\t\t","protected":false},"excerpt":{"rendered":"<p>NWE-REGENERATIS : Workshop final Nous sommes ravis de vous inviter au workshop final qui se d\u00e9roulera \u00e0 Paris le 12 mai 2023. Cet \u00e9v\u00e9nement marque&hellip;<\/p>\n","protected":false},"author":1,"featured_media":0,"parent":0,"menu_order":0,"comment_status":"closed","ping_status":"closed","template":"","meta":{"_monsterinsights_skip_tracking":false,"_monsterinsights_sitenote_active":false,"_monsterinsights_sitenote_note":"","_monsterinsights_sitenote_category":0,"footnotes":""},"class_list":["post-58","page","type-page","status-publish","hentry"],"aioseo_notices":[],"rttpg_featured_image_url":null,"rttpg_author":{"display_name":"renaud","author_link":"https:\/\/atrasol.eu\/index.php\/author\/renaud\/"},"rttpg_comment":0,"rttpg_category":"","rttpg_excerpt":"NWE-REGENERATIS : Workshop final Nous sommes ravis de vous inviter au workshop final qui se d\u00e9roulera \u00e0 Paris le 12 mai 2023. Cet \u00e9v\u00e9nement marque&hellip;","_links":{"self":[{"href":"https:\/\/atrasol.eu\/index.php\/wp-json\/wp\/v2\/pages\/58","targetHints":{"allow":["GET"]}}],"collection":[{"href":"https:\/\/atrasol.eu\/index.php\/wp-json\/wp\/v2\/pages"}],"about":[{"href":"https:\/\/atrasol.eu\/index.php\/wp-json\/wp\/v2\/types\/page"}],"author":[{"embeddable":true,"href":"https:\/\/atrasol.eu\/index.php\/wp-json\/wp\/v2\/users\/1"}],"replies":[{"embeddable":true,"href":"https:\/\/atrasol.eu\/index.php\/wp-json\/wp\/v2\/comments?post=58"}],"version-history":[{"count":67,"href":"https:\/\/atrasol.eu\/index.php\/wp-json\/wp\/v2\/pages\/58\/revisions"}],"predecessor-version":[{"id":2209,"href":"https:\/\/atrasol.eu\/index.php\/wp-json\/wp\/v2\/pages\/58\/revisions\/2209"}],"wp:attachment":[{"href":"https:\/\/atrasol.eu\/index.php\/wp-json\/wp\/v2\/media?parent=58"}],"curies":[{"name":"wp","href":"https:\/\/api.w.org\/{rel}","templated":true}]}}