{"id":751,"date":"2023-04-04T15:43:56","date_gmt":"2023-04-04T13:43:56","guid":{"rendered":"https:\/\/atrasol.eu\/?page_id=751"},"modified":"2023-05-05T17:48:07","modified_gmt":"2023-05-05T15:48:07","slug":"assistance-au-maitre-douvrage-et-entrepreneur","status":"publish","type":"page","link":"https:\/\/atrasol.eu\/index.php\/assistance-au-maitre-douvrage-et-entrepreneur\/","title":{"rendered":"Assistance au maitre d&rsquo;ouvrage et entrepreneur"},"content":{"rendered":"\t\t<div data-elementor-type=\"wp-page\" data-elementor-id=\"751\" class=\"elementor elementor-751\">\n\t\t\t\t\t\t<section class=\"elementor-section elementor-top-section elementor-element elementor-element-6a83974 elementor-section-stretched elementor-section-boxed elementor-section-height-default elementor-section-height-default\" data-id=\"6a83974\" data-element_type=\"section\" data-e-type=\"section\" data-settings=\"{&quot;stretch_section&quot;:&quot;section-stretched&quot;}\">\n\t\t\t\t\t\t<div class=\"elementor-container elementor-column-gap-default\">\n\t\t\t\t\t<div class=\"elementor-column elementor-col-100 elementor-top-column elementor-element elementor-element-f450df8\" data-id=\"f450df8\" data-element_type=\"column\" data-e-type=\"column\">\n\t\t\t<div class=\"elementor-widget-wrap elementor-element-populated\">\n\t\t\t\t\t\t<div class=\"elementor-element elementor-element-9f6e0f6 elementor-widget elementor-widget-text-editor\" data-id=\"9f6e0f6\" data-element_type=\"widget\" data-e-type=\"widget\" data-widget_type=\"text-editor.default\">\n\t\t\t\t<div class=\"elementor-widget-container\">\n\t\t\t\t\t\t\t\t\t<p>Nous mettons notre exp\u00e9rience \u00e0 votre service pour vous assister en tant que Ma\u00eetre d&rsquo;ouvrage ou Entrepreneur.<\/p><p><span style=\"color: var( --e-global-color-text ); font-family: var( --e-global-typography-text-font-family ), Sans-serif; font-weight: var( --e-global-typography-text-font-weight );\">Pour les ma\u00eetres d&rsquo;ouvrage:<\/span><\/p><ul><li>la d\u00e9finition du p\u00e9rim\u00e8tre du projet,<\/li><li>la r\u00e9daction des cahiers de charges,<\/li><li>la repr\u00e9sentation du Ma\u00eetre d&rsquo;Ouvrage aupr\u00e8s des autorit\u00e9s locales, r\u00e9gionales ou f\u00e9d\u00e9rales,<\/li><li>l\u2019assistance \u00e0 la s\u00e9lection des meilleures offres et la n\u00e9gociation des prix,<\/li><li>le suivi de chantier,<\/li><li>la gestion des terres et d\u00e9chets et des proc\u00e9dures connexes (tra\u00e7abilit\u00e9, valorisation).<\/li><li>les strat\u00e9gies de d\u00e9veloppement et de valorisation des sites industriels<\/li><li>Maitrise d&rsquo;ouvrage<\/li><\/ul><p>Pour les entrepreneurs,<\/p><ul><li>l&rsquo;aide \u00e0 la soumission (en particulier le volet environnemental, la r\u00e9duction des impacts, la ma\u00eetrise des consommations d\u2019\u00e9nergie et des \u00e9missions de gaz \u00e0 effet de serre),<\/li><li>le suivi environnemental du chantier,<\/li><li>la gestion des terres, des mat\u00e9riaux et des d\u00e9chets.<\/li><\/ul>\t\t\t\t\t\t\t\t<\/div>\n\t\t\t\t<\/div>\n\t\t\t\t\t<\/div>\n\t\t<\/div>\n\t\t\t\t\t<\/div>\n\t\t<\/section>\n\t\t\t\t<section class=\"elementor-section elementor-top-section elementor-element elementor-element-a9a2b36 elementor-section-stretched elementor-section-boxed elementor-section-height-default elementor-section-height-default\" data-id=\"a9a2b36\" data-element_type=\"section\" data-e-type=\"section\" data-settings=\"{&quot;stretch_section&quot;:&quot;section-stretched&quot;}\">\n\t\t\t\t\t\t<div class=\"elementor-container elementor-column-gap-default\">\n\t\t\t\t\t<div class=\"elementor-column elementor-col-50 elementor-top-column elementor-element elementor-element-0c1d0d0\" data-id=\"0c1d0d0\" data-element_type=\"column\" data-e-type=\"column\">\n\t\t\t<div class=\"elementor-widget-wrap elementor-element-populated\">\n\t\t\t\t\t\t<div class=\"elementor-element elementor-element-dfcb4be elementor-widget elementor-widget-image\" data-id=\"dfcb4be\" data-element_type=\"widget\" data-e-type=\"widget\" data-widget_type=\"image.default\">\n\t\t\t\t<div class=\"elementor-widget-container\">\n\t\t\t\t\t\t\t\t\t\t\t\t\t\t\t<img fetchpriority=\"high\" decoding=\"async\" width=\"843\" height=\"632\" src=\"https:\/\/atrasol.eu\/wp-content\/uploads\/2023\/05\/sechage-solaire-de-boues-industrielles-design-et-maitrise-douvrage-1024x768.jpg\" class=\"attachment-large size-large wp-image-1919\" alt=\"\" srcset=\"https:\/\/atrasol.eu\/wp-content\/uploads\/2023\/05\/sechage-solaire-de-boues-industrielles-design-et-maitrise-douvrage-1024x768.jpg 1024w, https:\/\/atrasol.eu\/wp-content\/uploads\/2023\/05\/sechage-solaire-de-boues-industrielles-design-et-maitrise-douvrage-300x225.jpg 300w, https:\/\/atrasol.eu\/wp-content\/uploads\/2023\/05\/sechage-solaire-de-boues-industrielles-design-et-maitrise-douvrage-768x576.jpg 768w, https:\/\/atrasol.eu\/wp-content\/uploads\/2023\/05\/sechage-solaire-de-boues-industrielles-design-et-maitrise-douvrage-1536x1152.jpg 1536w, https:\/\/atrasol.eu\/wp-content\/uploads\/2023\/05\/sechage-solaire-de-boues-industrielles-design-et-maitrise-douvrage.jpg 2048w\" sizes=\"(max-width: 843px) 100vw, 843px\" \/>\t\t\t\t\t\t\t\t\t\t\t\t\t\t\t<\/div>\n\t\t\t\t<\/div>\n\t\t\t\t\t<\/div>\n\t\t<\/div>\n\t\t\t\t<div class=\"elementor-column elementor-col-50 elementor-top-column elementor-element elementor-element-bbfcb38\" data-id=\"bbfcb38\" data-element_type=\"column\" data-e-type=\"column\">\n\t\t\t<div class=\"elementor-widget-wrap elementor-element-populated\">\n\t\t\t\t\t\t<div class=\"elementor-element elementor-element-bad4920 elementor-widget elementor-widget-image\" data-id=\"bad4920\" data-element_type=\"widget\" data-e-type=\"widget\" data-widget_type=\"image.default\">\n\t\t\t\t<div class=\"elementor-widget-container\">\n\t\t\t\t\t\t\t\t\t\t\t\t\t\t\t<img decoding=\"async\" width=\"843\" height=\"632\" src=\"https:\/\/atrasol.eu\/wp-content\/uploads\/2023\/05\/encapsulation-de-terres-et-dechets-industriels-pollues-design-et-suivi-de-chantier-1024x768.jpg\" class=\"attachment-large size-large wp-image-1920\" alt=\"\" srcset=\"https:\/\/atrasol.eu\/wp-content\/uploads\/2023\/05\/encapsulation-de-terres-et-dechets-industriels-pollues-design-et-suivi-de-chantier-1024x768.jpg 1024w, https:\/\/atrasol.eu\/wp-content\/uploads\/2023\/05\/encapsulation-de-terres-et-dechets-industriels-pollues-design-et-suivi-de-chantier-300x225.jpg 300w, https:\/\/atrasol.eu\/wp-content\/uploads\/2023\/05\/encapsulation-de-terres-et-dechets-industriels-pollues-design-et-suivi-de-chantier-768x576.jpg 768w, https:\/\/atrasol.eu\/wp-content\/uploads\/2023\/05\/encapsulation-de-terres-et-dechets-industriels-pollues-design-et-suivi-de-chantier-1536x1152.jpg 1536w, https:\/\/atrasol.eu\/wp-content\/uploads\/2023\/05\/encapsulation-de-terres-et-dechets-industriels-pollues-design-et-suivi-de-chantier-2048x1536.jpg 2048w\" sizes=\"(max-width: 843px) 100vw, 843px\" \/>\t\t\t\t\t\t\t\t\t\t\t\t\t\t\t<\/div>\n\t\t\t\t<\/div>\n\t\t\t\t\t<\/div>\n\t\t<\/div>\n\t\t\t\t\t<\/div>\n\t\t<\/section>\n\t\t\t\t<section class=\"elementor-section elementor-top-section elementor-element elementor-element-7d38d0d elementor-section-stretched elementor-section-boxed elementor-section-height-default elementor-section-height-default\" data-id=\"7d38d0d\" data-element_type=\"section\" data-e-type=\"section\" data-settings=\"{&quot;stretch_section&quot;:&quot;section-stretched&quot;}\">\n\t\t\t\t\t\t<div class=\"elementor-container elementor-column-gap-default\">\n\t\t\t\t\t<div class=\"elementor-column elementor-col-100 elementor-top-column elementor-element elementor-element-abc8938\" data-id=\"abc8938\" data-element_type=\"column\" data-e-type=\"column\">\n\t\t\t<div class=\"elementor-widget-wrap elementor-element-populated\">\n\t\t\t\t\t\t<div class=\"elementor-element elementor-element-90cdc07 elementor-widget elementor-widget-spacer\" data-id=\"90cdc07\" data-element_type=\"widget\" data-e-type=\"widget\" data-widget_type=\"spacer.default\">\n\t\t\t\t<div class=\"elementor-widget-container\">\n\t\t\t\t\t\t\t<div class=\"elementor-spacer\">\n\t\t\t<div class=\"elementor-spacer-inner\"><\/div>\n\t\t<\/div>\n\t\t\t\t\t\t<\/div>\n\t\t\t\t<\/div>\n\t\t\t\t\t<\/div>\n\t\t<\/div>\n\t\t\t\t\t<\/div>\n\t\t<\/section>\n\t\t\t\t<section class=\"elementor-section elementor-top-section elementor-element elementor-element-a422b58 elementor-section-stretched elementor-section-boxed elementor-section-height-default elementor-section-height-default\" data-id=\"a422b58\" data-element_type=\"section\" data-e-type=\"section\" data-settings=\"{&quot;stretch_section&quot;:&quot;section-stretched&quot;}\">\n\t\t\t\t\t\t<div class=\"elementor-container elementor-column-gap-default\">\n\t\t\t\t\t<div class=\"elementor-column elementor-col-100 elementor-top-column elementor-element elementor-element-7fcf5fd\" data-id=\"7fcf5fd\" data-element_type=\"column\" data-e-type=\"column\">\n\t\t\t<div class=\"elementor-widget-wrap elementor-element-populated\">\n\t\t\t\t\t\t<div class=\"elementor-element elementor-element-558a7b3 elementor-widget elementor-widget-text-editor\" data-id=\"558a7b3\" data-element_type=\"widget\" data-e-type=\"widget\" data-widget_type=\"text-editor.default\">\n\t\t\t\t<div class=\"elementor-widget-container\">\n\t\t\t\t\t\t\t\t\t<p>Pour tout conseil ou accompagnement, n&rsquo;h\u00e9sitez pas \u00e0 prendre contact avec nous \u00e0 l&rsquo;adresse: <strong>contact@atrasol.eu<\/strong><\/p>\t\t\t\t\t\t\t\t<\/div>\n\t\t\t\t<\/div>\n\t\t\t\t\t<\/div>\n\t\t<\/div>\n\t\t\t\t\t<\/div>\n\t\t<\/section>\n\t\t\t\t<section class=\"elementor-section elementor-top-section elementor-element elementor-element-61308d5 elementor-section-stretched elementor-section-boxed elementor-section-height-default elementor-section-height-default\" data-id=\"61308d5\" data-element_type=\"section\" data-e-type=\"section\" data-settings=\"{&quot;stretch_section&quot;:&quot;section-stretched&quot;}\">\n\t\t\t\t\t\t<div class=\"elementor-container elementor-column-gap-default\">\n\t\t\t\t\t<div class=\"elementor-column elementor-col-100 elementor-top-column elementor-element elementor-element-54fe9b6\" data-id=\"54fe9b6\" data-element_type=\"column\" data-e-type=\"column\">\n\t\t\t<div class=\"elementor-widget-wrap elementor-element-populated\">\n\t\t\t\t\t\t<div class=\"elementor-element elementor-element-a8525a9 elementor-align-center elementor-widget elementor-widget-button\" data-id=\"a8525a9\" data-element_type=\"widget\" data-e-type=\"widget\" data-widget_type=\"button.default\">\n\t\t\t\t<div class=\"elementor-widget-container\">\n\t\t\t\t\t\t\t\t\t<div class=\"elementor-button-wrapper\">\n\t\t\t\t\t<a class=\"elementor-button elementor-button-link elementor-size-md\" href=\"https:\/\/atrasol.eu\/index.php\/contact\/\">\n\t\t\t\t\t\t<span class=\"elementor-button-content-wrapper\">\n\t\t\t\t\t\t\t\t\t<span class=\"elementor-button-text\">Contact <\/span>\n\t\t\t\t\t<\/span>\n\t\t\t\t\t<\/a>\n\t\t\t\t<\/div>\n\t\t\t\t\t\t\t\t<\/div>\n\t\t\t\t<\/div>\n\t\t\t\t\t<\/div>\n\t\t<\/div>\n\t\t\t\t\t<\/div>\n\t\t<\/section>\n\t\t\t\t<section class=\"elementor-section elementor-top-section elementor-element elementor-element-ae13abd elementor-section-stretched elementor-section-boxed elementor-section-height-default elementor-section-height-default\" data-id=\"ae13abd\" data-element_type=\"section\" data-e-type=\"section\" data-settings=\"{&quot;stretch_section&quot;:&quot;section-stretched&quot;}\">\n\t\t\t\t\t\t<div class=\"elementor-container elementor-column-gap-default\">\n\t\t\t\t\t<div class=\"elementor-column elementor-col-100 elementor-top-column elementor-element elementor-element-7461783\" data-id=\"7461783\" data-element_type=\"column\" data-e-type=\"column\">\n\t\t\t<div class=\"elementor-widget-wrap elementor-element-populated\">\n\t\t\t\t\t\t<div class=\"elementor-element elementor-element-a9adf8f elementor-widget elementor-widget-spacer\" data-id=\"a9adf8f\" data-element_type=\"widget\" data-e-type=\"widget\" data-widget_type=\"spacer.default\">\n\t\t\t\t<div class=\"elementor-widget-container\">\n\t\t\t\t\t\t\t<div class=\"elementor-spacer\">\n\t\t\t<div class=\"elementor-spacer-inner\"><\/div>\n\t\t<\/div>\n\t\t\t\t\t\t<\/div>\n\t\t\t\t<\/div>\n\t\t\t\t\t<\/div>\n\t\t<\/div>\n\t\t\t\t\t<\/div>\n\t\t<\/section>\n\t\t\t\t<\/div>\n\t\t","protected":false},"excerpt":{"rendered":"<p>Nous mettons notre exp\u00e9rience \u00e0 votre service pour vous assister en tant que Ma\u00eetre d&rsquo;ouvrage ou Entrepreneur. Pour les ma\u00eetres d&rsquo;ouvrage: la d\u00e9finition du p\u00e9rim\u00e8tre&hellip;<\/p>\n","protected":false},"author":1,"featured_media":0,"parent":0,"menu_order":0,"comment_status":"closed","ping_status":"closed","template":"","meta":{"_monsterinsights_skip_tracking":false,"_monsterinsights_sitenote_active":false,"_monsterinsights_sitenote_note":"","_monsterinsights_sitenote_category":0,"footnotes":""},"class_list":["post-751","page","type-page","status-publish","hentry"],"aioseo_notices":[],"rttpg_featured_image_url":null,"rttpg_author":{"display_name":"renaud","author_link":"https:\/\/atrasol.eu\/index.php\/author\/renaud\/"},"rttpg_comment":0,"rttpg_category":" <a href=\"https:\/\/atrasol.eu\/\" rel=\"tag\">Fran\u00e7ais<\/a>","rttpg_excerpt":"Nous mettons notre exp\u00e9rience \u00e0 votre service pour vous assister en tant que Ma\u00eetre d&rsquo;ouvrage ou Entrepreneur. Pour les ma\u00eetres d&rsquo;ouvrage: la d\u00e9finition du p\u00e9rim\u00e8tre&hellip;","_links":{"self":[{"href":"https:\/\/atrasol.eu\/index.php\/wp-json\/wp\/v2\/pages\/751","targetHints":{"allow":["GET"]}}],"collection":[{"href":"https:\/\/atrasol.eu\/index.php\/wp-json\/wp\/v2\/pages"}],"about":[{"href":"https:\/\/atrasol.eu\/index.php\/wp-json\/wp\/v2\/types\/page"}],"author":[{"embeddable":true,"href":"https:\/\/atrasol.eu\/index.php\/wp-json\/wp\/v2\/users\/1"}],"replies":[{"embeddable":true,"href":"https:\/\/atrasol.eu\/index.php\/wp-json\/wp\/v2\/comments?post=751"}],"version-history":[{"count":39,"href":"https:\/\/atrasol.eu\/index.php\/wp-json\/wp\/v2\/pages\/751\/revisions"}],"predecessor-version":[{"id":2138,"href":"https:\/\/atrasol.eu\/index.php\/wp-json\/wp\/v2\/pages\/751\/revisions\/2138"}],"wp:attachment":[{"href":"https:\/\/atrasol.eu\/index.php\/wp-json\/wp\/v2\/media?parent=751"}],"curies":[{"name":"wp","href":"https:\/\/api.w.org\/{rel}","templated":true}]}}