{"id":753,"date":"2023-04-04T15:44:36","date_gmt":"2023-04-04T13:44:36","guid":{"rendered":"https:\/\/atrasol.eu\/?page_id=753"},"modified":"2024-01-15T17:30:12","modified_gmt":"2024-01-15T16:30:12","slug":"mesure-et-reductions-des-emissions-de-ges","status":"publish","type":"page","link":"https:\/\/atrasol.eu\/index.php\/mesure-et-reductions-des-emissions-de-ges\/","title":{"rendered":"Mesure et r\u00e9ductions des \u00e9missions de GES"},"content":{"rendered":"\t\t<div data-elementor-type=\"wp-page\" data-elementor-id=\"753\" class=\"elementor elementor-753\">\n\t\t\t\t\t\t<section class=\"elementor-section elementor-top-section elementor-element elementor-element-ef9c93c elementor-section-stretched elementor-section-boxed elementor-section-height-default elementor-section-height-default\" data-id=\"ef9c93c\" data-element_type=\"section\" data-e-type=\"section\" data-settings=\"{&quot;stretch_section&quot;:&quot;section-stretched&quot;}\">\n\t\t\t\t\t\t<div class=\"elementor-container elementor-column-gap-default\">\n\t\t\t\t\t<div class=\"elementor-column elementor-col-100 elementor-top-column elementor-element elementor-element-d4c34c7\" data-id=\"d4c34c7\" data-element_type=\"column\" data-e-type=\"column\">\n\t\t\t<div class=\"elementor-widget-wrap elementor-element-populated\">\n\t\t\t\t\t\t<div class=\"elementor-element elementor-element-e48436c elementor-widget elementor-widget-text-editor\" data-id=\"e48436c\" data-element_type=\"widget\" data-e-type=\"widget\" data-widget_type=\"text-editor.default\">\n\t\t\t\t<div class=\"elementor-widget-container\">\n\t\t\t\t\t\t\t\t\t<p>Nous mettons notre expertise en d\u00e9veloppement durable \u00e0 votre service pour coconstruire votre strat\u00e9gie d&rsquo;entreprise vers la durabilit\u00e9, la transition bas carbone, la r\u00e9duction des impacts et la r\u00e9sistance aux chocs.<\/p><p>Nous sommes sp\u00e9cialis\u00e9s depuis 2009 en bilan carbone et plans d\u2019actions de r\u00e9duction des \u00e9missions et impacts dans les domaines du g\u00e9nie civil et de l&rsquo;industrie.\u00a0\u00a0<\/p><p>Notre diagnostic se base sur des m\u00e9thodes certifi\u00e9es:<\/p><ul><li>M\u00e9thode Bilan Carbone (Atrasol est membre de l\u2019ABC fran\u00e7aise &#8211; \u00a0Association pour la transition Bas Carbone)<\/li><li>Greenhouse Gas Protocol<\/li><li>ISO 26000<\/li><\/ul><p>Entrepreneurs, nous pouvons vous accompagner dans votre certification selon l&rsquo;Echelle de performance CO2 pour votre entreprise, un chantier particulier ou encore une soumission \u00e0 un appel d&rsquo;offre incluant des crit\u00e8res carbone, environnementaux ou de r\u00e9duction des impacts (bruits, vibrations, pollutions, poussi\u00e8res, etc.).<\/p>\t\t\t\t\t\t\t\t<\/div>\n\t\t\t\t<\/div>\n\t\t\t\t<div class=\"elementor-element elementor-element-a8564a4 elementor-widget elementor-widget-image\" data-id=\"a8564a4\" data-element_type=\"widget\" data-e-type=\"widget\" data-widget_type=\"image.default\">\n\t\t\t\t<div class=\"elementor-widget-container\">\n\t\t\t\t\t\t\t\t\t\t\t\t\t\t\t<img fetchpriority=\"high\" decoding=\"async\" width=\"1895\" height=\"937\" src=\"https:\/\/atrasol.eu\/wp-content\/uploads\/2023\/04\/Capture-decran-1442.png\" class=\"attachment-full size-full wp-image-987\" alt=\"\" srcset=\"https:\/\/atrasol.eu\/wp-content\/uploads\/2023\/04\/Capture-decran-1442.png 1895w, https:\/\/atrasol.eu\/wp-content\/uploads\/2023\/04\/Capture-decran-1442-300x148.png 300w, https:\/\/atrasol.eu\/wp-content\/uploads\/2023\/04\/Capture-decran-1442-1024x506.png 1024w, https:\/\/atrasol.eu\/wp-content\/uploads\/2023\/04\/Capture-decran-1442-768x380.png 768w, https:\/\/atrasol.eu\/wp-content\/uploads\/2023\/04\/Capture-decran-1442-1536x759.png 1536w\" sizes=\"(max-width: 1895px) 100vw, 1895px\" \/>\t\t\t\t\t\t\t\t\t\t\t\t\t\t\t<\/div>\n\t\t\t\t<\/div>\n\t\t\t\t<div class=\"elementor-element elementor-element-770e377 elementor-align-center elementor-invisible elementor-widget elementor-widget-button\" data-id=\"770e377\" data-element_type=\"widget\" data-e-type=\"widget\" data-settings=\"{&quot;_animation&quot;:&quot;fadeIn&quot;}\" data-widget_type=\"button.default\">\n\t\t\t\t<div class=\"elementor-widget-container\">\n\t\t\t\t\t\t\t\t\t<div class=\"elementor-button-wrapper\">\n\t\t\t\t\t<a class=\"elementor-button elementor-button-link elementor-size-sm\" href=\"https:\/\/www.socogetra.com\/fr\/projects\/constructionmurdequailesperformancesco2\" target=\"_blank\">\n\t\t\t\t\t\t<span class=\"elementor-button-content-wrapper\">\n\t\t\t\t\t\t\t\t\t<span class=\"elementor-button-text\">Voir le projet<\/span>\n\t\t\t\t\t<\/span>\n\t\t\t\t\t<\/a>\n\t\t\t\t<\/div>\n\t\t\t\t\t\t\t\t<\/div>\n\t\t\t\t<\/div>\n\t\t\t\t<div class=\"elementor-element elementor-element-ce6b516 elementor-widget elementor-widget-text-editor\" data-id=\"ce6b516\" data-element_type=\"widget\" data-e-type=\"widget\" data-widget_type=\"text-editor.default\">\n\t\t\t\t<div class=\"elementor-widget-container\">\n\t\t\t\t\t\t\t\t\t<p>Pour tout conseil ou accompagnement, n&rsquo;h\u00e9sitez pas \u00e0 prendre contact avec nous \u00e0 l&rsquo;adresse: <strong>contact@atrasol.eu<\/strong><\/p>\t\t\t\t\t\t\t\t<\/div>\n\t\t\t\t<\/div>\n\t\t\t\t\t<\/div>\n\t\t<\/div>\n\t\t\t\t\t<\/div>\n\t\t<\/section>\n\t\t\t\t<section class=\"elementor-section elementor-top-section elementor-element elementor-element-e7487e2 elementor-section-stretched elementor-section-boxed elementor-section-height-default elementor-section-height-default\" data-id=\"e7487e2\" data-element_type=\"section\" data-e-type=\"section\" data-settings=\"{&quot;stretch_section&quot;:&quot;section-stretched&quot;}\">\n\t\t\t\t\t\t<div class=\"elementor-container elementor-column-gap-default\">\n\t\t\t\t\t<div class=\"elementor-column elementor-col-100 elementor-top-column elementor-element elementor-element-1d2af74\" data-id=\"1d2af74\" data-element_type=\"column\" data-e-type=\"column\">\n\t\t\t<div class=\"elementor-widget-wrap elementor-element-populated\">\n\t\t\t\t\t\t<div class=\"elementor-element elementor-element-ce1df7d elementor-align-center elementor-widget elementor-widget-button\" data-id=\"ce1df7d\" data-element_type=\"widget\" data-e-type=\"widget\" data-widget_type=\"button.default\">\n\t\t\t\t<div class=\"elementor-widget-container\">\n\t\t\t\t\t\t\t\t\t<div class=\"elementor-button-wrapper\">\n\t\t\t\t\t<a class=\"elementor-button elementor-button-link elementor-size-md\" href=\"https:\/\/atrasol.eu\/index.php\/contact\/\">\n\t\t\t\t\t\t<span class=\"elementor-button-content-wrapper\">\n\t\t\t\t\t\t\t\t\t<span class=\"elementor-button-text\">Contact <\/span>\n\t\t\t\t\t<\/span>\n\t\t\t\t\t<\/a>\n\t\t\t\t<\/div>\n\t\t\t\t\t\t\t\t<\/div>\n\t\t\t\t<\/div>\n\t\t\t\t\t<\/div>\n\t\t<\/div>\n\t\t\t\t\t<\/div>\n\t\t<\/section>\n\t\t\t\t<section class=\"elementor-section elementor-top-section elementor-element elementor-element-b394791 elementor-section-stretched elementor-section-boxed elementor-section-height-default elementor-section-height-default\" data-id=\"b394791\" data-element_type=\"section\" data-e-type=\"section\" data-settings=\"{&quot;stretch_section&quot;:&quot;section-stretched&quot;}\">\n\t\t\t\t\t\t<div class=\"elementor-container elementor-column-gap-default\">\n\t\t\t\t\t<div class=\"elementor-column elementor-col-100 elementor-top-column elementor-element elementor-element-5cf253a\" data-id=\"5cf253a\" data-element_type=\"column\" data-e-type=\"column\">\n\t\t\t<div class=\"elementor-widget-wrap elementor-element-populated\">\n\t\t\t\t\t\t<div class=\"elementor-element elementor-element-ea13378 elementor-widget elementor-widget-spacer\" data-id=\"ea13378\" data-element_type=\"widget\" data-e-type=\"widget\" data-widget_type=\"spacer.default\">\n\t\t\t\t<div class=\"elementor-widget-container\">\n\t\t\t\t\t\t\t<div class=\"elementor-spacer\">\n\t\t\t<div class=\"elementor-spacer-inner\"><\/div>\n\t\t<\/div>\n\t\t\t\t\t\t<\/div>\n\t\t\t\t<\/div>\n\t\t\t\t\t<\/div>\n\t\t<\/div>\n\t\t\t\t\t<\/div>\n\t\t<\/section>\n\t\t\t\t<section class=\"elementor-section elementor-top-section elementor-element elementor-element-867ed39 elementor-section-stretched elementor-section-boxed elementor-section-height-default elementor-section-height-default\" data-id=\"867ed39\" data-element_type=\"section\" data-e-type=\"section\" data-settings=\"{&quot;stretch_section&quot;:&quot;section-stretched&quot;}\">\n\t\t\t\t\t\t<div class=\"elementor-container elementor-column-gap-default\">\n\t\t\t\t\t<div class=\"elementor-column elementor-col-100 elementor-top-column elementor-element elementor-element-e150def\" data-id=\"e150def\" data-element_type=\"column\" data-e-type=\"column\">\n\t\t\t<div class=\"elementor-widget-wrap elementor-element-populated\">\n\t\t\t\t\t\t<div class=\"elementor-element elementor-element-bf145d7 elementor-widget elementor-widget-image\" data-id=\"bf145d7\" data-element_type=\"widget\" data-e-type=\"widget\" data-widget_type=\"image.default\">\n\t\t\t\t<div class=\"elementor-widget-container\">\n\t\t\t\t\t\t\t\t\t\t\t\t\t\t\t<img decoding=\"async\" width=\"2560\" height=\"1798\" src=\"https:\/\/atrasol.eu\/wp-content\/uploads\/2023\/04\/Untitled_01252023_084821-scaled.jpg\" class=\"attachment-full size-full wp-image-1375\" alt=\"\" srcset=\"https:\/\/atrasol.eu\/wp-content\/uploads\/2023\/04\/Untitled_01252023_084821-scaled.jpg 2560w, https:\/\/atrasol.eu\/wp-content\/uploads\/2023\/04\/Untitled_01252023_084821-300x211.jpg 300w, https:\/\/atrasol.eu\/wp-content\/uploads\/2023\/04\/Untitled_01252023_084821-1024x719.jpg 1024w, https:\/\/atrasol.eu\/wp-content\/uploads\/2023\/04\/Untitled_01252023_084821-768x539.jpg 768w, https:\/\/atrasol.eu\/wp-content\/uploads\/2023\/04\/Untitled_01252023_084821-1536x1079.jpg 1536w, https:\/\/atrasol.eu\/wp-content\/uploads\/2023\/04\/Untitled_01252023_084821-2048x1438.jpg 2048w\" sizes=\"(max-width: 2560px) 100vw, 2560px\" \/>\t\t\t\t\t\t\t\t\t\t\t\t\t\t\t<\/div>\n\t\t\t\t<\/div>\n\t\t\t\t\t<\/div>\n\t\t<\/div>\n\t\t\t\t\t<\/div>\n\t\t<\/section>\n\t\t\t\t<\/div>\n\t\t","protected":false},"excerpt":{"rendered":"<p>Nous mettons notre expertise en d\u00e9veloppement durable \u00e0 votre service pour coconstruire votre strat\u00e9gie d&rsquo;entreprise vers la durabilit\u00e9, la transition bas carbone, la r\u00e9duction des&hellip;<\/p>\n","protected":false},"author":1,"featured_media":0,"parent":0,"menu_order":0,"comment_status":"closed","ping_status":"closed","template":"","meta":{"_monsterinsights_skip_tracking":false,"_monsterinsights_sitenote_active":false,"_monsterinsights_sitenote_note":"","_monsterinsights_sitenote_category":0,"footnotes":""},"class_list":["post-753","page","type-page","status-publish","hentry"],"aioseo_notices":[],"rttpg_featured_image_url":null,"rttpg_author":{"display_name":"renaud","author_link":"https:\/\/atrasol.eu\/index.php\/author\/renaud\/"},"rttpg_comment":0,"rttpg_category":" <a href=\"https:\/\/atrasol.eu\/\" rel=\"tag\">Fran\u00e7ais<\/a>","rttpg_excerpt":"Nous mettons notre expertise en d\u00e9veloppement durable \u00e0 votre service pour coconstruire votre strat\u00e9gie d&rsquo;entreprise vers la durabilit\u00e9, la transition bas carbone, la r\u00e9duction des&hellip;","_links":{"self":[{"href":"https:\/\/atrasol.eu\/index.php\/wp-json\/wp\/v2\/pages\/753","targetHints":{"allow":["GET"]}}],"collection":[{"href":"https:\/\/atrasol.eu\/index.php\/wp-json\/wp\/v2\/pages"}],"about":[{"href":"https:\/\/atrasol.eu\/index.php\/wp-json\/wp\/v2\/types\/page"}],"author":[{"embeddable":true,"href":"https:\/\/atrasol.eu\/index.php\/wp-json\/wp\/v2\/users\/1"}],"replies":[{"embeddable":true,"href":"https:\/\/atrasol.eu\/index.php\/wp-json\/wp\/v2\/comments?post=753"}],"version-history":[{"count":41,"href":"https:\/\/atrasol.eu\/index.php\/wp-json\/wp\/v2\/pages\/753\/revisions"}],"predecessor-version":[{"id":2233,"href":"https:\/\/atrasol.eu\/index.php\/wp-json\/wp\/v2\/pages\/753\/revisions\/2233"}],"wp:attachment":[{"href":"https:\/\/atrasol.eu\/index.php\/wp-json\/wp\/v2\/media?parent=753"}],"curies":[{"name":"wp","href":"https:\/\/api.w.org\/{rel}","templated":true}]}}