{"id":757,"date":"2023-04-04T15:45:25","date_gmt":"2023-04-04T13:45:25","guid":{"rendered":"https:\/\/atrasol.eu\/?page_id=757"},"modified":"2023-05-05T17:49:34","modified_gmt":"2023-05-05T15:49:34","slug":"developpement-dapplication-web-environnementales","status":"publish","type":"page","link":"https:\/\/atrasol.eu\/index.php\/developpement-dapplication-web-environnementales\/","title":{"rendered":"D\u00e9veloppement d&rsquo;application web environnementales"},"content":{"rendered":"\t\t<div data-elementor-type=\"wp-page\" data-elementor-id=\"757\" class=\"elementor elementor-757\">\n\t\t\t\t\t\t<section class=\"elementor-section elementor-top-section elementor-element elementor-element-62f0715 elementor-section-stretched elementor-section-boxed elementor-section-height-default elementor-section-height-default\" data-id=\"62f0715\" data-element_type=\"section\" data-e-type=\"section\" data-settings=\"{&quot;stretch_section&quot;:&quot;section-stretched&quot;}\">\n\t\t\t\t\t\t<div class=\"elementor-container elementor-column-gap-default\">\n\t\t\t\t\t<div class=\"elementor-column elementor-col-100 elementor-top-column elementor-element elementor-element-4c24ebd\" data-id=\"4c24ebd\" data-element_type=\"column\" data-e-type=\"column\">\n\t\t\t<div class=\"elementor-widget-wrap elementor-element-populated\">\n\t\t\t\t\t\t<div class=\"elementor-element elementor-element-e9c6087 elementor-widget elementor-widget-text-editor\" data-id=\"e9c6087\" data-element_type=\"widget\" data-e-type=\"widget\" data-widget_type=\"text-editor.default\">\n\t\t\t\t<div class=\"elementor-widget-container\">\n\t\t\t\t\t\t\t\t\t<p>D\u00e8s 2018, Atrasol s&rsquo;est sp\u00e9cialis\u00e9 dans le d\u00e9veloppement d&rsquo;application web \u00e0 vocation environnementale. Nous nous distinguons des autres d\u00e9veloppeurs par notre expertise en ing\u00e9nierie et notre connaissance des probl\u00e9matiques li\u00e9es aux sols, \u00e0 la valorisation des mati\u00e8res et \u00e0 la biomasse.\u00a0 Cela nous permet d\u2019apporter des solutions cl\u00e9 en main qui r\u00e9pondent parfaitement aux besoins de nos utilisateurs.<\/p><h4><span style=\"text-decoration: underline;\">Nos r\u00e9alisations<\/span>:<\/h4><p><strong><u>Valoriser la biomasse sur les sites marginaux<\/u><\/strong><\/p><p>La premi\u00e8re plateforme d\u00e9velopp\u00e9e par Atrasol est la vitrine du projet Interreg FWVl <strong>New-C-Land<\/strong> qui recense les sites d\u00e9laiss\u00e9s \u00e0 potentiel de biomasse non alimentaire ainsi que les valorisateurs de cette biomasse.\u00a0 Le but est de favoriser le d\u00e9veloppement de fili\u00e8res locales en zone transfrontali\u00e8re. Les propri\u00e9taires de sites marginaux peuvent s&rsquo;inscrire sur la plateforme et y indiquer les caract\u00e9ristiques de leur site. Un outil d&rsquo;aide \u00e0 la d\u00e9cision (OAD) permet d\u2019orienter l\u2019utilisateur vers la culture la plus adapt\u00e9e \u00e0 son site, sur base des informations fournies.<\/p>\t\t\t\t\t\t\t\t<\/div>\n\t\t\t\t<\/div>\n\t\t\t\t<div class=\"elementor-element elementor-element-5e7bc7d elementor-widget elementor-widget-image\" data-id=\"5e7bc7d\" data-element_type=\"widget\" data-e-type=\"widget\" data-widget_type=\"image.default\">\n\t\t\t\t<div class=\"elementor-widget-container\">\n\t\t\t\t\t\t\t\t\t\t\t\t\t\t\t<img fetchpriority=\"high\" decoding=\"async\" width=\"1875\" height=\"890\" src=\"https:\/\/atrasol.eu\/wp-content\/uploads\/2023\/04\/Capture-decran-1420.png\" class=\"attachment-full size-full wp-image-914\" alt=\"\" srcset=\"https:\/\/atrasol.eu\/wp-content\/uploads\/2023\/04\/Capture-decran-1420.png 1875w, https:\/\/atrasol.eu\/wp-content\/uploads\/2023\/04\/Capture-decran-1420-300x142.png 300w, https:\/\/atrasol.eu\/wp-content\/uploads\/2023\/04\/Capture-decran-1420-1024x486.png 1024w, https:\/\/atrasol.eu\/wp-content\/uploads\/2023\/04\/Capture-decran-1420-768x365.png 768w, https:\/\/atrasol.eu\/wp-content\/uploads\/2023\/04\/Capture-decran-1420-1536x729.png 1536w\" sizes=\"(max-width: 1875px) 100vw, 1875px\" \/>\t\t\t\t\t\t\t\t\t\t\t\t\t\t\t<\/div>\n\t\t\t\t<\/div>\n\t\t\t\t<div class=\"elementor-element elementor-element-a8b018b elementor-align-center elementor-invisible elementor-widget elementor-widget-button\" data-id=\"a8b018b\" data-element_type=\"widget\" data-e-type=\"widget\" data-settings=\"{&quot;_animation&quot;:&quot;fadeIn&quot;}\" data-widget_type=\"button.default\">\n\t\t\t\t<div class=\"elementor-widget-container\">\n\t\t\t\t\t\t\t\t\t<div class=\"elementor-button-wrapper\">\n\t\t\t\t\t<a class=\"elementor-button elementor-button-link elementor-size-sm\" href=\"https:\/\/sitesforbiomass.eu\/\" target=\"_blank\">\n\t\t\t\t\t\t<span class=\"elementor-button-content-wrapper\">\n\t\t\t\t\t\t\t\t\t<span class=\"elementor-button-text\">Lien vers le site web<\/span>\n\t\t\t\t\t<\/span>\n\t\t\t\t\t<\/a>\n\t\t\t\t<\/div>\n\t\t\t\t\t\t\t\t<\/div>\n\t\t\t\t<\/div>\n\t\t\t\t<div class=\"elementor-element elementor-element-7d0a43d elementor-widget elementor-widget-text-editor\" data-id=\"7d0a43d\" data-element_type=\"widget\" data-e-type=\"widget\" data-widget_type=\"text-editor.default\">\n\t\t\t\t<div class=\"elementor-widget-container\">\n\t\t\t\t\t\t\t\t\t<p><u>Optimiser<\/u><strong><u> la gestion des terres excav\u00e9es et des mat\u00e9riaux granulaires<\/u><\/strong><\/p>\n<p>Suite \u00e0 l&rsquo;entr\u00e9e en vigueur de l\u2019AGW du 5 juillet 2018 relatif \u00e0 la gestion et \u00e0 la tra\u00e7abilit\u00e9 des terres excav\u00e9es, et pour r\u00e9pondre aux besoins du march\u00e9, nous avons cr\u00e9\u00e9 la plateforme <strong>utiliTERRE.be<\/strong>. &nbsp;Depuis lors, nous collaborons \u00e9troitement avec l&rsquo;asbl <a href=\"https:\/\/walterre.be\/\">WALTERRE<\/a>, qui est l&rsquo;op\u00e9rateur en charge des missions de certification et tra\u00e7abilit\u00e9 des terres en Wallonie.<\/p>\n<p>La plateforme <strong>utiliTERRE.be<\/strong> est la premi\u00e8re plateforme de gestion des terres excav\u00e9es en Wallonie (10 millions de T chaque ann\u00e9e).&nbsp; Elle vous permet de :<\/p>\n<ul>\n<li>trouver les sites r\u00e9cepteurs les plus int\u00e9ressants pour valoriser les terres (co\u00fbts de transport compris),<\/li>\n<li>\u00e9valuer les \u00e9missions de gaz \u00e0 effet de serre des transports pour r\u00e9duire l\u2019empreinte carbone<\/li>\n<li>g\u00e9rer votre base de donn\u00e9es de sites r\u00e9cepteurs et de prix, en soumission ou en ex\u00e9cution<\/li>\n<li>g\u00e9rer vos chantiers qui peuvent s\u2019\u00e9changer des terres<\/li>\n<\/ul>\n<p>Vous pouvez \u00e9galement poster une annonce sur la plateforme utiliTERRE.be si vous souhaitez fournir des terres, des sables ou des granulats, ou si vous avez besoin de terres.<\/p>\t\t\t\t\t\t\t\t<\/div>\n\t\t\t\t<\/div>\n\t\t\t\t<div class=\"elementor-element elementor-element-4429a70 elementor-widget elementor-widget-image\" data-id=\"4429a70\" data-element_type=\"widget\" data-e-type=\"widget\" data-widget_type=\"image.default\">\n\t\t\t\t<div class=\"elementor-widget-container\">\n\t\t\t\t\t\t\t\t\t\t\t\t\t\t\t<img decoding=\"async\" width=\"1882\" height=\"810\" src=\"https:\/\/atrasol.eu\/wp-content\/uploads\/2023\/04\/Capture-decran-1419.png\" class=\"attachment-full size-full wp-image-925\" alt=\"\" srcset=\"https:\/\/atrasol.eu\/wp-content\/uploads\/2023\/04\/Capture-decran-1419.png 1882w, https:\/\/atrasol.eu\/wp-content\/uploads\/2023\/04\/Capture-decran-1419-300x129.png 300w, https:\/\/atrasol.eu\/wp-content\/uploads\/2023\/04\/Capture-decran-1419-1024x441.png 1024w, https:\/\/atrasol.eu\/wp-content\/uploads\/2023\/04\/Capture-decran-1419-768x331.png 768w, https:\/\/atrasol.eu\/wp-content\/uploads\/2023\/04\/Capture-decran-1419-1536x661.png 1536w\" sizes=\"(max-width: 1882px) 100vw, 1882px\" \/>\t\t\t\t\t\t\t\t\t\t\t\t\t\t\t<\/div>\n\t\t\t\t<\/div>\n\t\t\t\t<div class=\"elementor-element elementor-element-be6b3a2 elementor-align-center elementor-invisible elementor-widget elementor-widget-button\" data-id=\"be6b3a2\" data-element_type=\"widget\" data-e-type=\"widget\" data-settings=\"{&quot;_animation&quot;:&quot;fadeIn&quot;}\" data-widget_type=\"button.default\">\n\t\t\t\t<div class=\"elementor-widget-container\">\n\t\t\t\t\t\t\t\t\t<div class=\"elementor-button-wrapper\">\n\t\t\t\t\t<a class=\"elementor-button elementor-button-link elementor-size-sm\" href=\"https:\/\/utiliterre.be\/\" target=\"_blank\">\n\t\t\t\t\t\t<span class=\"elementor-button-content-wrapper\">\n\t\t\t\t\t\t\t\t\t<span class=\"elementor-button-text\">Lien vers le site web<\/span>\n\t\t\t\t\t<\/span>\n\t\t\t\t\t<\/a>\n\t\t\t\t<\/div>\n\t\t\t\t\t\t\t\t<\/div>\n\t\t\t\t<\/div>\n\t\t\t\t<div class=\"elementor-element elementor-element-c20dd57 elementor-widget elementor-widget-text-editor\" data-id=\"c20dd57\" data-element_type=\"widget\" data-e-type=\"widget\" data-widget_type=\"text-editor.default\">\n\t\t\t\t<div class=\"elementor-widget-container\">\n\t\t\t\t\t\t\t\t\t<p><strong><u>R\u00e9cup\u00e9rer des mati\u00e8res m\u00e9talliques sur les friches m\u00e9tallurgiques<\/u><\/strong><\/p><p>Une nouvelle plateforme est n\u00e9e en 2022 dans le cadre du projet <strong>NWE-REGENERATIS<\/strong>, pour recenser les anciens sites et d\u00e9p\u00f4ts m\u00e9tallurgiques de l\u2019Europe du Nord-Ouest, ainsi que les acteurs pouvant contribuer \u00e0 leur r\u00e9habilitation et\/ou \u00e0 la r\u00e9cup\u00e9ration des ressources enfouies.<\/p><p>Vous pouvez vous inscrire en tant que propri\u00e9taire\/gestionnaire de site, entrepreneur de g\u00e9nie civil, op\u00e9rateur d\u2019installations de pr\u00e9traitement, prestataire de services environnementaux ou valorisateur mati\u00e8res (min\u00e9rallurgiste et m\u00e9tallurgiste) pour apparaitre sur la carte. L&rsquo;objectif ultime de cette plateforme est de f\u00e9d\u00e9rer un puissant r\u00e9seau d&rsquo;acteurs collaborant pour l&rsquo;\u00e9laboration de projets de r\u00e9cup\u00e9ration de ressources.<\/p>\t\t\t\t\t\t\t\t<\/div>\n\t\t\t\t<\/div>\n\t\t\t\t<div class=\"elementor-element elementor-element-f397ea4 elementor-widget elementor-widget-image\" data-id=\"f397ea4\" data-element_type=\"widget\" data-e-type=\"widget\" data-widget_type=\"image.default\">\n\t\t\t\t<div class=\"elementor-widget-container\">\n\t\t\t\t\t\t\t\t\t\t\t\t\t\t\t<img decoding=\"async\" width=\"1867\" height=\"861\" src=\"https:\/\/atrasol.eu\/wp-content\/uploads\/2023\/04\/Capture-decran-1422.png\" class=\"attachment-full size-full wp-image-926\" alt=\"\" srcset=\"https:\/\/atrasol.eu\/wp-content\/uploads\/2023\/04\/Capture-decran-1422.png 1867w, https:\/\/atrasol.eu\/wp-content\/uploads\/2023\/04\/Capture-decran-1422-300x138.png 300w, https:\/\/atrasol.eu\/wp-content\/uploads\/2023\/04\/Capture-decran-1422-1024x472.png 1024w, https:\/\/atrasol.eu\/wp-content\/uploads\/2023\/04\/Capture-decran-1422-768x354.png 768w, https:\/\/atrasol.eu\/wp-content\/uploads\/2023\/04\/Capture-decran-1422-1536x708.png 1536w\" sizes=\"(max-width: 1867px) 100vw, 1867px\" \/>\t\t\t\t\t\t\t\t\t\t\t\t\t\t\t<\/div>\n\t\t\t\t<\/div>\n\t\t\t\t<div class=\"elementor-element elementor-element-600ab4e elementor-widget elementor-widget-spacer\" data-id=\"600ab4e\" data-element_type=\"widget\" data-e-type=\"widget\" data-widget_type=\"spacer.default\">\n\t\t\t\t<div class=\"elementor-widget-container\">\n\t\t\t\t\t\t\t<div class=\"elementor-spacer\">\n\t\t\t<div class=\"elementor-spacer-inner\"><\/div>\n\t\t<\/div>\n\t\t\t\t\t\t<\/div>\n\t\t\t\t<\/div>\n\t\t\t\t<div class=\"elementor-element elementor-element-32204c9 elementor-widget elementor-widget-text-editor\" data-id=\"32204c9\" data-element_type=\"widget\" data-e-type=\"widget\" data-widget_type=\"text-editor.default\">\n\t\t\t\t<div class=\"elementor-widget-container\">\n\t\t\t\t\t\t\t\t\t<p>Vous avez une application environnementale sp\u00e9cifique \u00e0 r\u00e9aliser? Nous sommes disponibles pour vous accompagner dans votre projet!<\/p><p>Prenez contact avec nous \u00e0 l&rsquo;adresse: <strong>contact@atrasol.eu<\/strong><\/p>\t\t\t\t\t\t\t\t<\/div>\n\t\t\t\t<\/div>\n\t\t\t\t<div class=\"elementor-element elementor-element-a32259e elementor-align-center elementor-invisible elementor-widget elementor-widget-button\" data-id=\"a32259e\" data-element_type=\"widget\" data-e-type=\"widget\" data-settings=\"{&quot;_animation&quot;:&quot;fadeIn&quot;}\" data-widget_type=\"button.default\">\n\t\t\t\t<div class=\"elementor-widget-container\">\n\t\t\t\t\t\t\t\t\t<div class=\"elementor-button-wrapper\">\n\t\t\t\t\t<a class=\"elementor-button elementor-button-link elementor-size-sm\" href=\"http:\/\/nwe-regeneratis.eu\/\" target=\"_blank\">\n\t\t\t\t\t\t<span class=\"elementor-button-content-wrapper\">\n\t\t\t\t\t\t\t\t\t<span class=\"elementor-button-text\">Lien vers le site web<\/span>\n\t\t\t\t\t<\/span>\n\t\t\t\t\t<\/a>\n\t\t\t\t<\/div>\n\t\t\t\t\t\t\t\t<\/div>\n\t\t\t\t<\/div>\n\t\t\t\t\t<\/div>\n\t\t<\/div>\n\t\t\t\t\t<\/div>\n\t\t<\/section>\n\t\t\t\t<section class=\"elementor-section elementor-top-section elementor-element elementor-element-da7be40 elementor-section-stretched elementor-section-boxed elementor-section-height-default elementor-section-height-default\" data-id=\"da7be40\" data-element_type=\"section\" data-e-type=\"section\" data-settings=\"{&quot;stretch_section&quot;:&quot;section-stretched&quot;}\">\n\t\t\t\t\t\t<div class=\"elementor-container elementor-column-gap-default\">\n\t\t\t\t\t<div class=\"elementor-column elementor-col-100 elementor-top-column elementor-element elementor-element-979c543\" data-id=\"979c543\" data-element_type=\"column\" data-e-type=\"column\">\n\t\t\t<div class=\"elementor-widget-wrap elementor-element-populated\">\n\t\t\t\t\t\t<div class=\"elementor-element elementor-element-ac7b668 elementor-align-center elementor-widget elementor-widget-button\" data-id=\"ac7b668\" data-element_type=\"widget\" data-e-type=\"widget\" data-widget_type=\"button.default\">\n\t\t\t\t<div class=\"elementor-widget-container\">\n\t\t\t\t\t\t\t\t\t<div class=\"elementor-button-wrapper\">\n\t\t\t\t\t<a class=\"elementor-button elementor-button-link elementor-size-md\" href=\"#\">\n\t\t\t\t\t\t<span class=\"elementor-button-content-wrapper\">\n\t\t\t\t\t\t\t\t\t<span class=\"elementor-button-text\">Contact <\/span>\n\t\t\t\t\t<\/span>\n\t\t\t\t\t<\/a>\n\t\t\t\t<\/div>\n\t\t\t\t\t\t\t\t<\/div>\n\t\t\t\t<\/div>\n\t\t\t\t\t<\/div>\n\t\t<\/div>\n\t\t\t\t\t<\/div>\n\t\t<\/section>\n\t\t\t\t<section class=\"elementor-section elementor-top-section elementor-element elementor-element-a2360bf elementor-section-stretched elementor-section-boxed elementor-section-height-default elementor-section-height-default\" data-id=\"a2360bf\" data-element_type=\"section\" data-e-type=\"section\" data-settings=\"{&quot;stretch_section&quot;:&quot;section-stretched&quot;}\">\n\t\t\t\t\t\t<div class=\"elementor-container elementor-column-gap-default\">\n\t\t\t\t\t<div class=\"elementor-column elementor-col-100 elementor-top-column elementor-element elementor-element-5d189ee\" data-id=\"5d189ee\" data-element_type=\"column\" data-e-type=\"column\">\n\t\t\t<div class=\"elementor-widget-wrap elementor-element-populated\">\n\t\t\t\t\t\t<div class=\"elementor-element elementor-element-09075dc elementor-widget elementor-widget-spacer\" data-id=\"09075dc\" data-element_type=\"widget\" data-e-type=\"widget\" data-widget_type=\"spacer.default\">\n\t\t\t\t<div class=\"elementor-widget-container\">\n\t\t\t\t\t\t\t<div class=\"elementor-spacer\">\n\t\t\t<div class=\"elementor-spacer-inner\"><\/div>\n\t\t<\/div>\n\t\t\t\t\t\t<\/div>\n\t\t\t\t<\/div>\n\t\t\t\t\t<\/div>\n\t\t<\/div>\n\t\t\t\t\t<\/div>\n\t\t<\/section>\n\t\t\t\t<\/div>\n\t\t","protected":false},"excerpt":{"rendered":"<p>D\u00e8s 2018, Atrasol s&rsquo;est sp\u00e9cialis\u00e9 dans le d\u00e9veloppement d&rsquo;application web \u00e0 vocation environnementale. Nous nous distinguons des autres d\u00e9veloppeurs par notre expertise en ing\u00e9nierie et&hellip;<\/p>\n","protected":false},"author":1,"featured_media":0,"parent":0,"menu_order":0,"comment_status":"closed","ping_status":"closed","template":"","meta":{"_monsterinsights_skip_tracking":false,"_monsterinsights_sitenote_active":false,"_monsterinsights_sitenote_note":"","_monsterinsights_sitenote_category":0,"footnotes":""},"class_list":["post-757","page","type-page","status-publish","hentry"],"aioseo_notices":[],"rttpg_featured_image_url":null,"rttpg_author":{"display_name":"renaud","author_link":"https:\/\/atrasol.eu\/index.php\/author\/renaud\/"},"rttpg_comment":0,"rttpg_category":" <a href=\"https:\/\/atrasol.eu\/\" rel=\"tag\">Fran\u00e7ais<\/a>","rttpg_excerpt":"D\u00e8s 2018, Atrasol s&rsquo;est sp\u00e9cialis\u00e9 dans le d\u00e9veloppement d&rsquo;application web \u00e0 vocation environnementale. Nous nous distinguons des autres d\u00e9veloppeurs par notre expertise en ing\u00e9nierie et&hellip;","_links":{"self":[{"href":"https:\/\/atrasol.eu\/index.php\/wp-json\/wp\/v2\/pages\/757","targetHints":{"allow":["GET"]}}],"collection":[{"href":"https:\/\/atrasol.eu\/index.php\/wp-json\/wp\/v2\/pages"}],"about":[{"href":"https:\/\/atrasol.eu\/index.php\/wp-json\/wp\/v2\/types\/page"}],"author":[{"embeddable":true,"href":"https:\/\/atrasol.eu\/index.php\/wp-json\/wp\/v2\/users\/1"}],"replies":[{"embeddable":true,"href":"https:\/\/atrasol.eu\/index.php\/wp-json\/wp\/v2\/comments?post=757"}],"version-history":[{"count":80,"href":"https:\/\/atrasol.eu\/index.php\/wp-json\/wp\/v2\/pages\/757\/revisions"}],"predecessor-version":[{"id":2144,"href":"https:\/\/atrasol.eu\/index.php\/wp-json\/wp\/v2\/pages\/757\/revisions\/2144"}],"wp:attachment":[{"href":"https:\/\/atrasol.eu\/index.php\/wp-json\/wp\/v2\/media?parent=757"}],"curies":[{"name":"wp","href":"https:\/\/api.w.org\/{rel}","templated":true}]}}